{"id":962,"date":"2022-03-03T12:54:16","date_gmt":"2022-03-03T11:54:16","guid":{"rendered":"https:\/\/www.chalupadanka.eu\/?page_id=962"},"modified":"2022-03-07T12:56:03","modified_gmt":"2022-03-07T11:56:03","slug":"prirodne-krasy-gemera-pod-drobnohladom","status":"publish","type":"page","link":"https:\/\/www.chalupadanka.eu\/?page_id=962","title":{"rendered":"Pr\u00edrodn\u00e9 kr\u00e1sy Gemera pod drobnoh\u013eadom"},"content":{"rendered":"\t\t<div data-elementor-type=\"wp-page\" data-elementor-id=\"962\" class=\"elementor elementor-962\">\n\t\t\t\t\t\t<section class=\"elementor-section elementor-top-section elementor-element elementor-element-6e1a8c6c elementor-section-content-middle elementor-section-boxed elementor-section-height-default elementor-section-height-default\" data-id=\"6e1a8c6c\" data-element_type=\"section\">\n\t\t\t\t\t\t<div class=\"elementor-container elementor-column-gap-no\">\n\t\t\t\t\t<div class=\"elementor-column elementor-col-100 elementor-top-column elementor-element elementor-element-28534733\" data-id=\"28534733\" data-element_type=\"column\">\n\t\t\t<div class=\"elementor-widget-wrap elementor-element-populated\">\n\t\t\t\t\t\t<div class=\"elementor-element elementor-element-702ba51d elementor-widget elementor-widget-image\" data-id=\"702ba51d\" data-element_type=\"widget\" data-widget_type=\"image.default\">\n\t\t\t\t<div class=\"elementor-widget-container\">\n\t\t\t<style>\/*! elementor - v3.21.0 - 25-04-2024 *\/\n.elementor-widget-image{text-align:center}.elementor-widget-image a{display:inline-block}.elementor-widget-image a img[src$=\".svg\"]{width:48px}.elementor-widget-image img{vertical-align:middle;display:inline-block}<\/style>\t\t\t\t\t\t\t\t\t\t<img fetchpriority=\"high\" decoding=\"async\" width=\"1598\" height=\"900\" src=\"https:\/\/www.chalupadanka.eu\/wp-content\/uploads\/2022\/03\/zadiel.jpg\" class=\"attachment-full size-full wp-image-968\" alt=\"\" srcset=\"https:\/\/www.chalupadanka.eu\/wp-content\/uploads\/2022\/03\/zadiel.jpg 1598w, https:\/\/www.chalupadanka.eu\/wp-content\/uploads\/2022\/03\/zadiel-300x169.jpg 300w, https:\/\/www.chalupadanka.eu\/wp-content\/uploads\/2022\/03\/zadiel-1024x577.jpg 1024w, https:\/\/www.chalupadanka.eu\/wp-content\/uploads\/2022\/03\/zadiel-768x433.jpg 768w, https:\/\/www.chalupadanka.eu\/wp-content\/uploads\/2022\/03\/zadiel-1536x865.jpg 1536w\" sizes=\"(max-width: 1598px) 100vw, 1598px\" \/>\t\t\t\t\t\t\t\t\t\t\t\t\t<\/div>\n\t\t\t\t<\/div>\n\t\t\t\t<div class=\"elementor-element elementor-element-145fac8c elementor-widget elementor-widget-heading\" data-id=\"145fac8c\" data-element_type=\"widget\" data-widget_type=\"heading.default\">\n\t\t\t\t<div class=\"elementor-widget-container\">\n\t\t\t<style>\/*! elementor - v3.21.0 - 25-04-2024 *\/\n.elementor-heading-title{padding:0;margin:0;line-height:1}.elementor-widget-heading .elementor-heading-title[class*=elementor-size-]>a{color:inherit;font-size:inherit;line-height:inherit}.elementor-widget-heading .elementor-heading-title.elementor-size-small{font-size:15px}.elementor-widget-heading .elementor-heading-title.elementor-size-medium{font-size:19px}.elementor-widget-heading .elementor-heading-title.elementor-size-large{font-size:29px}.elementor-widget-heading .elementor-heading-title.elementor-size-xl{font-size:39px}.elementor-widget-heading .elementor-heading-title.elementor-size-xxl{font-size:59px}<\/style><h3 class=\"elementor-heading-title elementor-size-default\">Pr\u00edrodn\u00e9 kr\u00e1sy Gemera pod drobnoh\u013eadom<\/h3>\t\t<\/div>\n\t\t\t\t<\/div>\n\t\t\t\t<div class=\"elementor-element elementor-element-3c763dc5 elementor-widget elementor-widget-text-editor\" data-id=\"3c763dc5\" data-element_type=\"widget\" data-widget_type=\"text-editor.default\">\n\t\t\t\t<div class=\"elementor-widget-container\">\n\t\t\t<style>\/*! elementor - v3.21.0 - 25-04-2024 *\/\n.elementor-widget-text-editor.elementor-drop-cap-view-stacked .elementor-drop-cap{background-color:#69727d;color:#fff}.elementor-widget-text-editor.elementor-drop-cap-view-framed .elementor-drop-cap{color:#69727d;border:3px solid;background-color:transparent}.elementor-widget-text-editor:not(.elementor-drop-cap-view-default) .elementor-drop-cap{margin-top:8px}.elementor-widget-text-editor:not(.elementor-drop-cap-view-default) .elementor-drop-cap-letter{width:1em;height:1em}.elementor-widget-text-editor .elementor-drop-cap{float:left;text-align:center;line-height:1;font-size:50px}.elementor-widget-text-editor .elementor-drop-cap-letter{display:inline-block}<\/style>\t\t\t\t<p>Gemer je prirodzenou turistickou kri\u017eovatkou, sty\u010dn\u00fdm bodom n\u00e1rodn\u00fdch parkov\u00a0<b>Slovensk\u00fd kras,\u00a0 Slovensk\u00fd raj \u00a0a \u00a0 Mur\u00e1\u0148ska planina<\/b>, nad ktor\u00fdmi zo severu tr\u00f3ni a dohliada vysok\u00fd hrebe\u0148 zn\u00e1meho pohoria \u2013<b>Slovensk\u00e9\u00a0 rudohorie<\/b>.<\/p>\t\t\t\t\t\t<\/div>\n\t\t\t\t<\/div>\n\t\t\t\t<section class=\"elementor-section elementor-inner-section elementor-element elementor-element-2726d0d7 elementor-section-boxed elementor-section-height-default elementor-section-height-default\" data-id=\"2726d0d7\" data-element_type=\"section\">\n\t\t\t\t\t\t<div class=\"elementor-container elementor-column-gap-default\">\n\t\t\t\t\t<div class=\"elementor-column elementor-col-50 elementor-inner-column elementor-element elementor-element-3bb37298\" data-id=\"3bb37298\" data-element_type=\"column\">\n\t\t\t<div class=\"elementor-widget-wrap elementor-element-populated\">\n\t\t\t\t\t\t<div class=\"elementor-element elementor-element-4d89c923 elementor-widget elementor-widget-text-editor\" data-id=\"4d89c923\" data-element_type=\"widget\" data-widget_type=\"text-editor.default\">\n\t\t\t\t<div class=\"elementor-widget-container\">\n\t\t\t\t\t\t\t<p>\u00a0Mal\u00fd kraj \u2013 ve\u013ek\u00e9 kontrasty \u2026 tu n\u00e1jdete naozaj v\u0161etko! Sk\u00fasme si to v duchu predstavi\u0165 \u2026 \u0161\u0165avnat\u00e9 zelen\u00e9 horsk\u00e9 l\u00fa\u010dky, chladiv\u00e9 priezra\u010dn\u00e9 tyrkysov\u00e9 jazierka, hor\u00face krasov\u00e9 v\u00e1pencov\u00e9 planiny, unik\u00e1tne krasov\u00e9 jasky\u0148e, priepasti a v\u00fdvrty, slnkom zaliate neboty\u010dn\u00e9 bral\u00e1 a medzi nimi t\u00f4nist\u00e9 hlbok\u00e9 ties\u0148avy, divok\u00e9 rokliny pre\u0165at\u00e9 strhuj\u00facimi vodop\u00e1dmi a\u00a0kask\u00e1dami.\u00a0<span id=\"more-711\"><\/span>Nad t\u00fdm v\u0161etk\u00fdm kra\u013euje pokojn\u00fd hrebe\u0148 vysok\u00fdch h\u00f4r, panensk\u00e9 lesy zbieraj\u00face horsk\u00fa hmlu a vlahu, vracaj\u00fac ju tam odkia\u013e sa vyparila \u2026 mal\u00fdmi pot\u00f4\u010dikmi, ktor\u00e9 prepletaj\u00fac sa kore\u0148mi star\u00fdch stromov mocnej\u00fa v potoky a rieky a\u017e nadol, kde na nich \u010dakaj\u00fa rozlo\u017eit\u00e9 malebn\u00e9 \u00fadolia alebo ve\u013ek\u00e9 vodn\u00e9 n\u00e1dr\u017ee. Rozmanitos\u0165 krajiny sa prejavila aj v rozmanitosti sa tu vyskytuj\u00facich \u017eivo\u010d\u00ed\u0161nych a rastlin\u00fdch druhov. Mnoh\u00e9 z nich s\u00fa ve\u013emi vz\u00e1cne a poniektor\u00e9 endemick\u00e9, teda vyskytuj\u00fa sa iba tu.<\/p>\t\t\t\t\t\t<\/div>\n\t\t\t\t<\/div>\n\t\t\t\t\t<\/div>\n\t\t<\/div>\n\t\t\t\t<div class=\"elementor-column elementor-col-50 elementor-inner-column elementor-element elementor-element-7f4c7b47\" data-id=\"7f4c7b47\" data-element_type=\"column\">\n\t\t\t<div class=\"elementor-widget-wrap elementor-element-populated\">\n\t\t\t\t\t\t<div class=\"elementor-element elementor-element-39213a51 elementor-widget elementor-widget-text-editor\" data-id=\"39213a51\" data-element_type=\"widget\" data-widget_type=\"text-editor.default\">\n\t\t\t\t<div class=\"elementor-widget-container\">\n\t\t\t\t\t\t\t<p>Pr\u00edroda Gemera je pln\u00e1 r\u00f4znej zveri, vt\u00e1\u010dieho spevu, poletuj\u00facich mot\u00fd\u013eov a stromy \u0161umia a spievaj\u00fa nekone\u010dn\u00fa piese\u0144 lesa\u2026 S toho mnoh\u00e9ho si pripome\u0148me hlavne jaskyne \u2026 Jasky\u0148a Domica, Gombaseck\u00e1 jasky\u0148a, Dob\u0161insk\u00e1 \u013eadov\u00e1 jasky\u0148a, unik\u00e1tna Ochtinsk\u00e1 aragonitov\u00e1 jasky\u0148a (bezprostredne pri \u0160t\u00edtniku), adrenal\u00ednov\u00e1 Krasnohorsk\u00e1 jasky\u0148a s prechodom po napnutom lane \u2026 Z ties\u0148av je najzn\u00e1mej\u0161ia, najv\u00e4t\u0161ia aj najpr\u00edstupnej\u0161ia Z\u00e1dielska ties\u0148ava, naz\u00fdvan\u00e1 aj Z\u00e1dielska dolina. Z rokl\u00edn s vodop\u00e1dmi najpr\u00edstupnej\u0161ia Zejmarsk\u00e1 roklina, z jazier a priehrad najv\u00e4t\u0161ia a najzn\u00e1mej\u0161ia pri obci Dedinky na rieke Hnilec, naz\u00fdvan\u00e1 tak Hnileck\u00e1 ako aj Dob\u0161insk\u00e1. Z krasov\u00fdch plan\u00edn je najrozsiahlej\u0161ia a najpr\u00edstupnej\u0161ia Silick\u00e1 planina, ktor\u00fa pret\u00edna cez horsk\u00fd prechod Soro\u0161ka v Slovenskom krase hlavn\u00e1 cesta ju\u017en\u00e9ho \u0165ahu Bratislava \u2013 Ko\u0161ice.<\/p>\t\t\t\t\t\t<\/div>\n\t\t\t\t<\/div>\n\t\t\t\t\t<\/div>\n\t\t<\/div>\n\t\t\t\t\t<\/div>\n\t\t<\/section>\n\t\t\t\t\t<\/div>\n\t\t<\/div>\n\t\t\t\t\t<\/div>\n\t\t<\/section>\n\t\t\t\t<section class=\"elementor-section elementor-top-section elementor-element elementor-element-2c7aea8 elementor-section-boxed elementor-section-height-default elementor-section-height-default\" data-id=\"2c7aea8\" data-element_type=\"section\">\n\t\t\t\t\t\t<div class=\"elementor-container elementor-column-gap-default\">\n\t\t\t\t\t<div class=\"elementor-column elementor-col-100 elementor-top-column elementor-element elementor-element-268a488\" data-id=\"268a488\" data-element_type=\"column\">\n\t\t\t<div class=\"elementor-widget-wrap elementor-element-populated\">\n\t\t\t\t\t\t<div class=\"elementor-element elementor-element-d01b523 elementor-widget elementor-widget-image\" data-id=\"d01b523\" data-element_type=\"widget\" data-widget_type=\"image.default\">\n\t\t\t\t<div class=\"elementor-widget-container\">\n\t\t\t\t\t\t\t\t\t\t\t\t\t<img decoding=\"async\" width=\"1024\" height=\"728\" src=\"https:\/\/www.chalupadanka.eu\/wp-content\/uploads\/2022\/03\/Prirodne-krasy-gemera-1024x728.jpg\" class=\"attachment-large size-large wp-image-999\" alt=\"Pr\u00edrodn\u00e9 kr\u00e1sy gemera\" srcset=\"https:\/\/www.chalupadanka.eu\/wp-content\/uploads\/2022\/03\/Prirodne-krasy-gemera-1024x728.jpg 1024w, https:\/\/www.chalupadanka.eu\/wp-content\/uploads\/2022\/03\/Prirodne-krasy-gemera-300x213.jpg 300w, https:\/\/www.chalupadanka.eu\/wp-content\/uploads\/2022\/03\/Prirodne-krasy-gemera-768x546.jpg 768w, https:\/\/www.chalupadanka.eu\/wp-content\/uploads\/2022\/03\/Prirodne-krasy-gemera-1536x1093.jpg 1536w, https:\/\/www.chalupadanka.eu\/wp-content\/uploads\/2022\/03\/Prirodne-krasy-gemera-2048x1457.jpg 2048w\" sizes=\"(max-width: 1024px) 100vw, 1024px\" \/>\t\t\t\t\t\t\t\t\t\t\t\t\t<\/div>\n\t\t\t\t<\/div>\n\t\t\t\t\t<\/div>\n\t\t<\/div>\n\t\t\t\t\t<\/div>\n\t\t<\/section>\n\t\t\t\t<\/div>\n\t\t","protected":false},"excerpt":{"rendered":"<p>Pr\u00edrodn\u00e9 kr\u00e1sy Gemera pod drobnoh\u013eadom Gemer je prirodzenou turistickou kri\u017eovatkou, sty\u010dn\u00fdm bodom n\u00e1rodn\u00fdch parkov\u00a0Slovensk\u00fd kras,\u00a0 Slovensk\u00fd raj \u00a0a \u00a0 Mur\u00e1\u0148ska planina, nad ktor\u00fdmi zo severu tr\u00f3ni a dohliada vysok\u00fd hrebe\u0148 zn\u00e1meho pohoria \u2013Slovensk\u00e9\u00a0 rudohorie. \u00a0Mal\u00fd kraj \u2013 ve\u013ek\u00e9 kontrasty \u2026 tu n\u00e1jdete naozaj v\u0161etko! Sk\u00fasme si to v duchu predstavi\u0165 \u2026 \u0161\u0165avnat\u00e9 zelen\u00e9 horsk\u00e9 l\u00fa\u010dky, [&hellip;]<\/p>\n","protected":false},"author":1,"featured_media":0,"parent":0,"menu_order":0,"comment_status":"closed","ping_status":"closed","template":"","meta":{"_monsterinsights_skip_tracking":false,"_monsterinsights_sitenote_active":false,"_monsterinsights_sitenote_note":"","_monsterinsights_sitenote_category":0,"site-sidebar-layout":"no-sidebar","site-content-layout":"page-builder","ast-site-content-layout":"","site-content-style":"default","site-sidebar-style":"default","ast-global-header-display":"","ast-banner-title-visibility":"","ast-main-header-display":"","ast-hfb-above-header-display":"","ast-hfb-below-header-display":"","ast-hfb-mobile-header-display":"","site-post-title":"disabled","ast-breadcrumbs-content":"","ast-featured-img":"disabled","footer-sml-layout":"","theme-transparent-header-meta":"","adv-header-id-meta":"","stick-header-meta":"","header-above-stick-meta":"","header-main-stick-meta":"","header-below-stick-meta":"","astra-migrate-meta-layouts":"default","ast-page-background-enabled":"default","ast-page-background-meta":{"desktop":{"background-color":"","background-image":"","background-repeat":"repeat","background-position":"center center","background-size":"auto","background-attachment":"scroll","background-type":"","background-media":"","overlay-type":"","overlay-color":"","overlay-gradient":""},"tablet":{"background-color":"","background-image":"","background-repeat":"repeat","background-position":"center center","background-size":"auto","background-attachment":"scroll","background-type":"","background-media":"","overlay-type":"","overlay-color":"","overlay-gradient":""},"mobile":{"background-color":"","background-image":"","background-repeat":"repeat","background-position":"center center","background-size":"auto","background-attachment":"scroll","background-type":"","background-media":"","overlay-type":"","overlay-color":"","overlay-gradient":""}},"ast-content-background-meta":{"desktop":{"background-color":"var(--ast-global-color-5)","background-image":"","background-repeat":"repeat","background-position":"center center","background-size":"auto","background-attachment":"scroll","background-type":"","background-media":"","overlay-type":"","overlay-color":"","overlay-gradient":""},"tablet":{"background-color":"var(--ast-global-color-5)","background-image":"","background-repeat":"repeat","background-position":"center center","background-size":"auto","background-attachment":"scroll","background-type":"","background-media":"","overlay-type":"","overlay-color":"","overlay-gradient":""},"mobile":{"background-color":"var(--ast-global-color-5)","background-image":"","background-repeat":"repeat","background-position":"center center","background-size":"auto","background-attachment":"scroll","background-type":"","background-media":"","overlay-type":"","overlay-color":"","overlay-gradient":""}},"footnotes":""},"yoast_head":"<!-- This site is optimized with the Yoast SEO plugin v22.5 - https:\/\/yoast.com\/wordpress\/plugins\/seo\/ -->\n<title>Pr\u00edrodn\u00e9 kr\u00e1sy Gemera pod drobnoh\u013eadom - Chalupadanka<\/title>\n<meta name=\"robots\" content=\"index, follow, max-snippet:-1, max-image-preview:large, max-video-preview:-1\" \/>\n<link rel=\"canonical\" href=\"https:\/\/www.chalupadanka.eu\/?page_id=962\" \/>\n<meta property=\"og:locale\" content=\"sk_SK\" \/>\n<meta property=\"og:type\" content=\"article\" \/>\n<meta property=\"og:title\" content=\"Pr\u00edrodn\u00e9 kr\u00e1sy Gemera pod drobnoh\u013eadom - Chalupadanka\" \/>\n<meta property=\"og:description\" content=\"Pr\u00edrodn\u00e9 kr\u00e1sy Gemera pod drobnoh\u013eadom Gemer je prirodzenou turistickou kri\u017eovatkou, sty\u010dn\u00fdm bodom n\u00e1rodn\u00fdch parkov\u00a0Slovensk\u00fd kras,\u00a0 Slovensk\u00fd raj \u00a0a \u00a0 Mur\u00e1\u0148ska planina, nad ktor\u00fdmi zo severu tr\u00f3ni a dohliada vysok\u00fd hrebe\u0148 zn\u00e1meho pohoria \u2013Slovensk\u00e9\u00a0 rudohorie. \u00a0Mal\u00fd kraj \u2013 ve\u013ek\u00e9 kontrasty \u2026 tu n\u00e1jdete naozaj v\u0161etko! Sk\u00fasme si to v duchu predstavi\u0165 \u2026 \u0161\u0165avnat\u00e9 zelen\u00e9 horsk\u00e9 l\u00fa\u010dky, [&hellip;]\" \/>\n<meta property=\"og:url\" content=\"https:\/\/www.chalupadanka.eu\/?page_id=962\" \/>\n<meta property=\"og:site_name\" content=\"Chalupadanka\" \/>\n<meta property=\"article:modified_time\" content=\"2022-03-07T11:56:03+00:00\" \/>\n<meta property=\"og:image\" content=\"https:\/\/www.chalupadanka.eu\/wp-content\/uploads\/2022\/03\/zadiel.jpg\" \/>\n<meta name=\"twitter:card\" content=\"summary_large_image\" \/>\n<meta name=\"twitter:label1\" content=\"Predpokladan\u00fd \u010das \u010d\u00edtania\" \/>\n\t<meta name=\"twitter:data1\" content=\"2 min\u00faty\" \/>\n<script type=\"application\/ld+json\" class=\"yoast-schema-graph\">{\"@context\":\"https:\/\/schema.org\",\"@graph\":[{\"@type\":\"WebPage\",\"@id\":\"https:\/\/www.chalupadanka.eu\/?page_id=962\",\"url\":\"https:\/\/www.chalupadanka.eu\/?page_id=962\",\"name\":\"Pr\u00edrodn\u00e9 kr\u00e1sy Gemera pod drobnoh\u013eadom - Chalupadanka\",\"isPartOf\":{\"@id\":\"https:\/\/www.chalupadanka.eu\/#website\"},\"primaryImageOfPage\":{\"@id\":\"https:\/\/www.chalupadanka.eu\/?page_id=962#primaryimage\"},\"image\":{\"@id\":\"https:\/\/www.chalupadanka.eu\/?page_id=962#primaryimage\"},\"thumbnailUrl\":\"https:\/\/www.chalupadanka.eu\/wp-content\/uploads\/2022\/03\/zadiel.jpg\",\"datePublished\":\"2022-03-03T11:54:16+00:00\",\"dateModified\":\"2022-03-07T11:56:03+00:00\",\"breadcrumb\":{\"@id\":\"https:\/\/www.chalupadanka.eu\/?page_id=962#breadcrumb\"},\"inLanguage\":\"sk-SK\",\"potentialAction\":[{\"@type\":\"ReadAction\",\"target\":[\"https:\/\/www.chalupadanka.eu\/?page_id=962\"]}]},{\"@type\":\"ImageObject\",\"inLanguage\":\"sk-SK\",\"@id\":\"https:\/\/www.chalupadanka.eu\/?page_id=962#primaryimage\",\"url\":\"https:\/\/www.chalupadanka.eu\/wp-content\/uploads\/2022\/03\/zadiel.jpg\",\"contentUrl\":\"https:\/\/www.chalupadanka.eu\/wp-content\/uploads\/2022\/03\/zadiel.jpg\",\"width\":1598,\"height\":900,\"caption\":\"Z\u00e1dielsk\u00e1 dolina\"},{\"@type\":\"BreadcrumbList\",\"@id\":\"https:\/\/www.chalupadanka.eu\/?page_id=962#breadcrumb\",\"itemListElement\":[{\"@type\":\"ListItem\",\"position\":1,\"name\":\"Home\",\"item\":\"https:\/\/www.chalupadanka.eu\/\"},{\"@type\":\"ListItem\",\"position\":2,\"name\":\"Pr\u00edrodn\u00e9 kr\u00e1sy Gemera pod drobnoh\u013eadom\"}]},{\"@type\":\"WebSite\",\"@id\":\"https:\/\/www.chalupadanka.eu\/#website\",\"url\":\"https:\/\/www.chalupadanka.eu\/\",\"name\":\"Chalupadanka\",\"description\":\"Len \u010fal\u0161ia WordPress str\u00e1nka\",\"potentialAction\":[{\"@type\":\"SearchAction\",\"target\":{\"@type\":\"EntryPoint\",\"urlTemplate\":\"https:\/\/www.chalupadanka.eu\/?s={search_term_string}\"},\"query-input\":\"required name=search_term_string\"}],\"inLanguage\":\"sk-SK\"}]}<\/script>\n<!-- \/ Yoast SEO plugin. -->","yoast_head_json":{"title":"Pr\u00edrodn\u00e9 kr\u00e1sy Gemera pod drobnoh\u013eadom - Chalupadanka","robots":{"index":"index","follow":"follow","max-snippet":"max-snippet:-1","max-image-preview":"max-image-preview:large","max-video-preview":"max-video-preview:-1"},"canonical":"https:\/\/www.chalupadanka.eu\/?page_id=962","og_locale":"sk_SK","og_type":"article","og_title":"Pr\u00edrodn\u00e9 kr\u00e1sy Gemera pod drobnoh\u013eadom - Chalupadanka","og_description":"Pr\u00edrodn\u00e9 kr\u00e1sy Gemera pod drobnoh\u013eadom Gemer je prirodzenou turistickou kri\u017eovatkou, sty\u010dn\u00fdm bodom n\u00e1rodn\u00fdch parkov\u00a0Slovensk\u00fd kras,\u00a0 Slovensk\u00fd raj \u00a0a \u00a0 Mur\u00e1\u0148ska planina, nad ktor\u00fdmi zo severu tr\u00f3ni a dohliada vysok\u00fd hrebe\u0148 zn\u00e1meho pohoria \u2013Slovensk\u00e9\u00a0 rudohorie. \u00a0Mal\u00fd kraj \u2013 ve\u013ek\u00e9 kontrasty \u2026 tu n\u00e1jdete naozaj v\u0161etko! Sk\u00fasme si to v duchu predstavi\u0165 \u2026 \u0161\u0165avnat\u00e9 zelen\u00e9 horsk\u00e9 l\u00fa\u010dky, [&hellip;]","og_url":"https:\/\/www.chalupadanka.eu\/?page_id=962","og_site_name":"Chalupadanka","article_modified_time":"2022-03-07T11:56:03+00:00","og_image":[{"url":"https:\/\/www.chalupadanka.eu\/wp-content\/uploads\/2022\/03\/zadiel.jpg"}],"twitter_card":"summary_large_image","twitter_misc":{"Predpokladan\u00fd \u010das \u010d\u00edtania":"2 min\u00faty"},"schema":{"@context":"https:\/\/schema.org","@graph":[{"@type":"WebPage","@id":"https:\/\/www.chalupadanka.eu\/?page_id=962","url":"https:\/\/www.chalupadanka.eu\/?page_id=962","name":"Pr\u00edrodn\u00e9 kr\u00e1sy Gemera pod drobnoh\u013eadom - Chalupadanka","isPartOf":{"@id":"https:\/\/www.chalupadanka.eu\/#website"},"primaryImageOfPage":{"@id":"https:\/\/www.chalupadanka.eu\/?page_id=962#primaryimage"},"image":{"@id":"https:\/\/www.chalupadanka.eu\/?page_id=962#primaryimage"},"thumbnailUrl":"https:\/\/www.chalupadanka.eu\/wp-content\/uploads\/2022\/03\/zadiel.jpg","datePublished":"2022-03-03T11:54:16+00:00","dateModified":"2022-03-07T11:56:03+00:00","breadcrumb":{"@id":"https:\/\/www.chalupadanka.eu\/?page_id=962#breadcrumb"},"inLanguage":"sk-SK","potentialAction":[{"@type":"ReadAction","target":["https:\/\/www.chalupadanka.eu\/?page_id=962"]}]},{"@type":"ImageObject","inLanguage":"sk-SK","@id":"https:\/\/www.chalupadanka.eu\/?page_id=962#primaryimage","url":"https:\/\/www.chalupadanka.eu\/wp-content\/uploads\/2022\/03\/zadiel.jpg","contentUrl":"https:\/\/www.chalupadanka.eu\/wp-content\/uploads\/2022\/03\/zadiel.jpg","width":1598,"height":900,"caption":"Z\u00e1dielsk\u00e1 dolina"},{"@type":"BreadcrumbList","@id":"https:\/\/www.chalupadanka.eu\/?page_id=962#breadcrumb","itemListElement":[{"@type":"ListItem","position":1,"name":"Home","item":"https:\/\/www.chalupadanka.eu\/"},{"@type":"ListItem","position":2,"name":"Pr\u00edrodn\u00e9 kr\u00e1sy Gemera pod drobnoh\u013eadom"}]},{"@type":"WebSite","@id":"https:\/\/www.chalupadanka.eu\/#website","url":"https:\/\/www.chalupadanka.eu\/","name":"Chalupadanka","description":"Len \u010fal\u0161ia WordPress str\u00e1nka","potentialAction":[{"@type":"SearchAction","target":{"@type":"EntryPoint","urlTemplate":"https:\/\/www.chalupadanka.eu\/?s={search_term_string}"},"query-input":"required name=search_term_string"}],"inLanguage":"sk-SK"}]}},"_links":{"self":[{"href":"https:\/\/www.chalupadanka.eu\/index.php?rest_route=\/wp\/v2\/pages\/962"}],"collection":[{"href":"https:\/\/www.chalupadanka.eu\/index.php?rest_route=\/wp\/v2\/pages"}],"about":[{"href":"https:\/\/www.chalupadanka.eu\/index.php?rest_route=\/wp\/v2\/types\/page"}],"author":[{"embeddable":true,"href":"https:\/\/www.chalupadanka.eu\/index.php?rest_route=\/wp\/v2\/users\/1"}],"replies":[{"embeddable":true,"href":"https:\/\/www.chalupadanka.eu\/index.php?rest_route=%2Fwp%2Fv2%2Fcomments&post=962"}],"version-history":[{"count":6,"href":"https:\/\/www.chalupadanka.eu\/index.php?rest_route=\/wp\/v2\/pages\/962\/revisions"}],"predecessor-version":[{"id":1005,"href":"https:\/\/www.chalupadanka.eu\/index.php?rest_route=\/wp\/v2\/pages\/962\/revisions\/1005"}],"wp:attachment":[{"href":"https:\/\/www.chalupadanka.eu\/index.php?rest_route=%2Fwp%2Fv2%2Fmedia&parent=962"}],"curies":[{"name":"wp","href":"https:\/\/api.w.org\/{rel}","templated":true}]}}