{"id":946,"date":"2022-03-03T12:38:06","date_gmt":"2022-03-03T11:38:06","guid":{"rendered":"https:\/\/www.chalupadanka.eu\/?page_id=946"},"modified":"2022-03-03T12:40:58","modified_gmt":"2022-03-03T11:40:58","slug":"je-naozaj-gemer-vynimocny","status":"publish","type":"page","link":"https:\/\/www.chalupadanka.eu\/?page_id=946","title":{"rendered":"Je naozaj Gemer v\u00fdnimo\u010dn\u00fd?"},"content":{"rendered":"\t\t<div data-elementor-type=\"wp-page\" data-elementor-id=\"946\" class=\"elementor elementor-946\">\n\t\t\t\t\t\t<section class=\"elementor-section elementor-top-section elementor-element elementor-element-4198b9d6 elementor-section-content-middle elementor-section-boxed elementor-section-height-default elementor-section-height-default\" data-id=\"4198b9d6\" data-element_type=\"section\">\n\t\t\t\t\t\t<div class=\"elementor-container elementor-column-gap-no\">\n\t\t\t\t\t<div class=\"elementor-column elementor-col-100 elementor-top-column elementor-element elementor-element-12aa94c1\" data-id=\"12aa94c1\" data-element_type=\"column\">\n\t\t\t<div class=\"elementor-widget-wrap elementor-element-populated\">\n\t\t\t\t\t\t<div class=\"elementor-element elementor-element-42487de5 elementor-widget elementor-widget-image\" data-id=\"42487de5\" data-element_type=\"widget\" data-widget_type=\"image.default\">\n\t\t\t\t<div class=\"elementor-widget-container\">\n\t\t\t<style>\/*! elementor - v3.21.0 - 25-04-2024 *\/\n.elementor-widget-image{text-align:center}.elementor-widget-image a{display:inline-block}.elementor-widget-image a img[src$=\".svg\"]{width:48px}.elementor-widget-image img{vertical-align:middle;display:inline-block}<\/style>\t\t\t\t\t\t\t\t\t\t<img fetchpriority=\"high\" decoding=\"async\" width=\"2560\" height=\"1440\" src=\"https:\/\/www.chalupadanka.eu\/wp-content\/uploads\/2022\/03\/region-gemer.jpg\" class=\"attachment-full size-full wp-image-949\" alt=\"\" srcset=\"https:\/\/www.chalupadanka.eu\/wp-content\/uploads\/2022\/03\/region-gemer.jpg 2560w, https:\/\/www.chalupadanka.eu\/wp-content\/uploads\/2022\/03\/region-gemer-300x169.jpg 300w, https:\/\/www.chalupadanka.eu\/wp-content\/uploads\/2022\/03\/region-gemer-1024x576.jpg 1024w, https:\/\/www.chalupadanka.eu\/wp-content\/uploads\/2022\/03\/region-gemer-768x432.jpg 768w, https:\/\/www.chalupadanka.eu\/wp-content\/uploads\/2022\/03\/region-gemer-1536x864.jpg 1536w, https:\/\/www.chalupadanka.eu\/wp-content\/uploads\/2022\/03\/region-gemer-2048x1152.jpg 2048w\" sizes=\"(max-width: 2560px) 100vw, 2560px\" \/>\t\t\t\t\t\t\t\t\t\t\t\t\t<\/div>\n\t\t\t\t<\/div>\n\t\t\t\t<div class=\"elementor-element elementor-element-1128b5 elementor-widget elementor-widget-heading\" data-id=\"1128b5\" data-element_type=\"widget\" data-widget_type=\"heading.default\">\n\t\t\t\t<div class=\"elementor-widget-container\">\n\t\t\t<style>\/*! elementor - v3.21.0 - 25-04-2024 *\/\n.elementor-heading-title{padding:0;margin:0;line-height:1}.elementor-widget-heading .elementor-heading-title[class*=elementor-size-]>a{color:inherit;font-size:inherit;line-height:inherit}.elementor-widget-heading .elementor-heading-title.elementor-size-small{font-size:15px}.elementor-widget-heading .elementor-heading-title.elementor-size-medium{font-size:19px}.elementor-widget-heading .elementor-heading-title.elementor-size-large{font-size:29px}.elementor-widget-heading .elementor-heading-title.elementor-size-xl{font-size:39px}.elementor-widget-heading .elementor-heading-title.elementor-size-xxl{font-size:59px}<\/style><h3 class=\"elementor-heading-title elementor-size-default\">Je naozaj Gemer v\u00fdnimo\u010dn\u00fd?<\/h3>\t\t<\/div>\n\t\t\t\t<\/div>\n\t\t\t\t<div class=\"elementor-element elementor-element-40d36e3e elementor-widget elementor-widget-text-editor\" data-id=\"40d36e3e\" data-element_type=\"widget\" data-widget_type=\"text-editor.default\">\n\t\t\t\t<div class=\"elementor-widget-container\">\n\t\t\t<style>\/*! elementor - v3.21.0 - 25-04-2024 *\/\n.elementor-widget-text-editor.elementor-drop-cap-view-stacked .elementor-drop-cap{background-color:#69727d;color:#fff}.elementor-widget-text-editor.elementor-drop-cap-view-framed .elementor-drop-cap{color:#69727d;border:3px solid;background-color:transparent}.elementor-widget-text-editor:not(.elementor-drop-cap-view-default) .elementor-drop-cap{margin-top:8px}.elementor-widget-text-editor:not(.elementor-drop-cap-view-default) .elementor-drop-cap-letter{width:1em;height:1em}.elementor-widget-text-editor .elementor-drop-cap{float:left;text-align:center;line-height:1;font-size:50px}.elementor-widget-text-editor .elementor-drop-cap-letter{display:inline-block}<\/style>\t\t\t\t<p>Priamo Gemerom prech\u00e1dzaj\u00fa a z\u00e1rove\u0148 ho obklopuj\u00fa viacer\u00e9 n\u00e1rodn\u00e9 parky. Tieto s\u00fa pln\u00e9 \u00fachvatn\u00fdch scen\u00e9ri\u00ed a fascinuj\u00facich pr\u00edrodn\u00fdch kr\u00e1s.<\/p>\t\t\t\t\t\t<\/div>\n\t\t\t\t<\/div>\n\t\t\t\t<section class=\"elementor-section elementor-inner-section elementor-element elementor-element-751737c8 elementor-section-boxed elementor-section-height-default elementor-section-height-default\" data-id=\"751737c8\" data-element_type=\"section\">\n\t\t\t\t\t\t<div class=\"elementor-container elementor-column-gap-default\">\n\t\t\t\t\t<div class=\"elementor-column elementor-col-50 elementor-inner-column elementor-element elementor-element-4b462a09\" data-id=\"4b462a09\" data-element_type=\"column\">\n\t\t\t<div class=\"elementor-widget-wrap elementor-element-populated\">\n\t\t\t\t\t\t<div class=\"elementor-element elementor-element-52f748ab elementor-widget elementor-widget-text-editor\" data-id=\"52f748ab\" data-element_type=\"widget\" data-widget_type=\"text-editor.default\">\n\t\t\t\t<div class=\"elementor-widget-container\">\n\t\t\t\t\t\t\t<p>Na dosah ruky tu m\u00e1te aj perly a skvosty zachovan\u00e9 po na\u0161ich predkoch, ve\u010f historicko kult\u00farne pamiatky Gemera s\u00fa naozaj jedine\u010dn\u00e9 a ich n\u00e1v\u0161teva zanech\u00e1 v ka\u017edom hlbok\u00fd dojem. Tak u pr\u00edrodn\u00fdch kr\u00e1s ako aj kult\u00farno historick\u00e9 dedi\u010dstva ide ve\u013eakr\u00e1t o vyhl\u00e1sen\u00e9 a zaregistrovan\u00e9 oblasti, miesta \u010di pamiatky medzin\u00e1rodn\u00e9ho v\u00fdznamu.<\/p>\t\t\t\t\t\t<\/div>\n\t\t\t\t<\/div>\n\t\t\t\t\t<\/div>\n\t\t<\/div>\n\t\t\t\t<div class=\"elementor-column elementor-col-50 elementor-inner-column elementor-element elementor-element-fa21ce\" data-id=\"fa21ce\" data-element_type=\"column\">\n\t\t\t<div class=\"elementor-widget-wrap elementor-element-populated\">\n\t\t\t\t\t\t<div class=\"elementor-element elementor-element-56467f85 elementor-widget elementor-widget-text-editor\" data-id=\"56467f85\" data-element_type=\"widget\" data-widget_type=\"text-editor.default\">\n\t\t\t\t<div class=\"elementor-widget-container\">\n\t\t\t\t\t\t\t<p>M\u00e1lo presk\u00faman\u00fd regi\u00f3n krajiny, takmer zabudnut\u00fd, neby\u0165 Slovensk\u00e9ho krasu alebo Betliara. No to nie s\u00fa jedin\u00e9 miesta, kv\u00f4li ktor\u00fdm sem radi chodia turisti. Nedotknut\u00e1 pr\u00edroda, o ktor\u00fa sa tak trochu del\u00edme aj s Ma\u010farskom \u010di jaskyne, ktor\u00e9 n\u00e1m m\u00f4\u017eu z\u00e1vidie\u0165 v celej Eur\u00f3pe. To je slovensk\u00fd regi\u00f3n Gemer.<\/p>\t\t\t\t\t\t<\/div>\n\t\t\t\t<\/div>\n\t\t\t\t\t<\/div>\n\t\t<\/div>\n\t\t\t\t\t<\/div>\n\t\t<\/section>\n\t\t\t\t\t<\/div>\n\t\t<\/div>\n\t\t\t\t\t<\/div>\n\t\t<\/section>\n\t\t\t\t<\/div>\n\t\t","protected":false},"excerpt":{"rendered":"<p>Je naozaj Gemer v\u00fdnimo\u010dn\u00fd? Priamo Gemerom prech\u00e1dzaj\u00fa a z\u00e1rove\u0148 ho obklopuj\u00fa viacer\u00e9 n\u00e1rodn\u00e9 parky. Tieto s\u00fa pln\u00e9 \u00fachvatn\u00fdch scen\u00e9ri\u00ed a fascinuj\u00facich pr\u00edrodn\u00fdch kr\u00e1s. Na dosah ruky tu m\u00e1te aj perly a skvosty zachovan\u00e9 po na\u0161ich predkoch, ve\u010f historicko kult\u00farne pamiatky Gemera s\u00fa naozaj jedine\u010dn\u00e9 a ich n\u00e1v\u0161teva zanech\u00e1 v ka\u017edom hlbok\u00fd dojem. Tak u pr\u00edrodn\u00fdch [&hellip;]<\/p>\n","protected":false},"author":1,"featured_media":0,"parent":0,"menu_order":0,"comment_status":"closed","ping_status":"closed","template":"","meta":{"_monsterinsights_skip_tracking":false,"_monsterinsights_sitenote_active":false,"_monsterinsights_sitenote_note":"","_monsterinsights_sitenote_category":0,"site-sidebar-layout":"no-sidebar","site-content-layout":"page-builder","ast-site-content-layout":"","site-content-style":"default","site-sidebar-style":"default","ast-global-header-display":"","ast-banner-title-visibility":"","ast-main-header-display":"","ast-hfb-above-header-display":"","ast-hfb-below-header-display":"","ast-hfb-mobile-header-display":"","site-post-title":"disabled","ast-breadcrumbs-content":"","ast-featured-img":"disabled","footer-sml-layout":"","theme-transparent-header-meta":"","adv-header-id-meta":"","stick-header-meta":"","header-above-stick-meta":"","header-main-stick-meta":"","header-below-stick-meta":"","astra-migrate-meta-layouts":"default","ast-page-background-enabled":"default","ast-page-background-meta":{"desktop":{"background-color":"","background-image":"","background-repeat":"repeat","background-position":"center center","background-size":"auto","background-attachment":"scroll","background-type":"","background-media":"","overlay-type":"","overlay-color":"","overlay-gradient":""},"tablet":{"background-color":"","background-image":"","background-repeat":"repeat","background-position":"center center","background-size":"auto","background-attachment":"scroll","background-type":"","background-media":"","overlay-type":"","overlay-color":"","overlay-gradient":""},"mobile":{"background-color":"","background-image":"","background-repeat":"repeat","background-position":"center center","background-size":"auto","background-attachment":"scroll","background-type":"","background-media":"","overlay-type":"","overlay-color":"","overlay-gradient":""}},"ast-content-background-meta":{"desktop":{"background-color":"var(--ast-global-color-5)","background-image":"","background-repeat":"repeat","background-position":"center center","background-size":"auto","background-attachment":"scroll","background-type":"","background-media":"","overlay-type":"","overlay-color":"","overlay-gradient":""},"tablet":{"background-color":"var(--ast-global-color-5)","background-image":"","background-repeat":"repeat","background-position":"center center","background-size":"auto","background-attachment":"scroll","background-type":"","background-media":"","overlay-type":"","overlay-color":"","overlay-gradient":""},"mobile":{"background-color":"var(--ast-global-color-5)","background-image":"","background-repeat":"repeat","background-position":"center center","background-size":"auto","background-attachment":"scroll","background-type":"","background-media":"","overlay-type":"","overlay-color":"","overlay-gradient":""}},"footnotes":""},"yoast_head":"<!-- This site is optimized with the Yoast SEO plugin v22.5 - https:\/\/yoast.com\/wordpress\/plugins\/seo\/ -->\n<title>Je naozaj Gemer v\u00fdnimo\u010dn\u00fd? - Chalupadanka<\/title>\n<meta name=\"robots\" content=\"index, follow, max-snippet:-1, max-image-preview:large, max-video-preview:-1\" \/>\n<link rel=\"canonical\" href=\"https:\/\/www.chalupadanka.eu\/?page_id=946\" \/>\n<meta property=\"og:locale\" content=\"sk_SK\" \/>\n<meta property=\"og:type\" content=\"article\" \/>\n<meta property=\"og:title\" content=\"Je naozaj Gemer v\u00fdnimo\u010dn\u00fd? - Chalupadanka\" \/>\n<meta property=\"og:description\" content=\"Je naozaj Gemer v\u00fdnimo\u010dn\u00fd? Priamo Gemerom prech\u00e1dzaj\u00fa a z\u00e1rove\u0148 ho obklopuj\u00fa viacer\u00e9 n\u00e1rodn\u00e9 parky. Tieto s\u00fa pln\u00e9 \u00fachvatn\u00fdch scen\u00e9ri\u00ed a fascinuj\u00facich pr\u00edrodn\u00fdch kr\u00e1s. Na dosah ruky tu m\u00e1te aj perly a skvosty zachovan\u00e9 po na\u0161ich predkoch, ve\u010f historicko kult\u00farne pamiatky Gemera s\u00fa naozaj jedine\u010dn\u00e9 a ich n\u00e1v\u0161teva zanech\u00e1 v ka\u017edom hlbok\u00fd dojem. Tak u pr\u00edrodn\u00fdch [&hellip;]\" \/>\n<meta property=\"og:url\" content=\"https:\/\/www.chalupadanka.eu\/?page_id=946\" \/>\n<meta property=\"og:site_name\" content=\"Chalupadanka\" \/>\n<meta property=\"article:modified_time\" content=\"2022-03-03T11:40:58+00:00\" \/>\n<meta property=\"og:image\" content=\"https:\/\/www.chalupadanka.eu\/wp-content\/uploads\/2022\/03\/region-gemer.jpg\" \/>\n<meta name=\"twitter:card\" content=\"summary_large_image\" \/>\n<meta name=\"twitter:label1\" content=\"Predpokladan\u00fd \u010das \u010d\u00edtania\" \/>\n\t<meta name=\"twitter:data1\" content=\"1 min\u00fata\" \/>\n<script type=\"application\/ld+json\" class=\"yoast-schema-graph\">{\"@context\":\"https:\/\/schema.org\",\"@graph\":[{\"@type\":\"WebPage\",\"@id\":\"https:\/\/www.chalupadanka.eu\/?page_id=946\",\"url\":\"https:\/\/www.chalupadanka.eu\/?page_id=946\",\"name\":\"Je naozaj Gemer v\u00fdnimo\u010dn\u00fd? - Chalupadanka\",\"isPartOf\":{\"@id\":\"https:\/\/www.chalupadanka.eu\/#website\"},\"primaryImageOfPage\":{\"@id\":\"https:\/\/www.chalupadanka.eu\/?page_id=946#primaryimage\"},\"image\":{\"@id\":\"https:\/\/www.chalupadanka.eu\/?page_id=946#primaryimage\"},\"thumbnailUrl\":\"https:\/\/www.chalupadanka.eu\/wp-content\/uploads\/2022\/03\/region-gemer.jpg\",\"datePublished\":\"2022-03-03T11:38:06+00:00\",\"dateModified\":\"2022-03-03T11:40:58+00:00\",\"breadcrumb\":{\"@id\":\"https:\/\/www.chalupadanka.eu\/?page_id=946#breadcrumb\"},\"inLanguage\":\"sk-SK\",\"potentialAction\":[{\"@type\":\"ReadAction\",\"target\":[\"https:\/\/www.chalupadanka.eu\/?page_id=946\"]}]},{\"@type\":\"ImageObject\",\"inLanguage\":\"sk-SK\",\"@id\":\"https:\/\/www.chalupadanka.eu\/?page_id=946#primaryimage\",\"url\":\"https:\/\/www.chalupadanka.eu\/wp-content\/uploads\/2022\/03\/region-gemer.jpg\",\"contentUrl\":\"https:\/\/www.chalupadanka.eu\/wp-content\/uploads\/2022\/03\/region-gemer.jpg\",\"width\":2560,\"height\":1440},{\"@type\":\"BreadcrumbList\",\"@id\":\"https:\/\/www.chalupadanka.eu\/?page_id=946#breadcrumb\",\"itemListElement\":[{\"@type\":\"ListItem\",\"position\":1,\"name\":\"Home\",\"item\":\"https:\/\/www.chalupadanka.eu\/\"},{\"@type\":\"ListItem\",\"position\":2,\"name\":\"Je naozaj Gemer v\u00fdnimo\u010dn\u00fd?\"}]},{\"@type\":\"WebSite\",\"@id\":\"https:\/\/www.chalupadanka.eu\/#website\",\"url\":\"https:\/\/www.chalupadanka.eu\/\",\"name\":\"Chalupadanka\",\"description\":\"Len \u010fal\u0161ia WordPress str\u00e1nka\",\"potentialAction\":[{\"@type\":\"SearchAction\",\"target\":{\"@type\":\"EntryPoint\",\"urlTemplate\":\"https:\/\/www.chalupadanka.eu\/?s={search_term_string}\"},\"query-input\":\"required name=search_term_string\"}],\"inLanguage\":\"sk-SK\"}]}<\/script>\n<!-- \/ Yoast SEO plugin. -->","yoast_head_json":{"title":"Je naozaj Gemer v\u00fdnimo\u010dn\u00fd? - Chalupadanka","robots":{"index":"index","follow":"follow","max-snippet":"max-snippet:-1","max-image-preview":"max-image-preview:large","max-video-preview":"max-video-preview:-1"},"canonical":"https:\/\/www.chalupadanka.eu\/?page_id=946","og_locale":"sk_SK","og_type":"article","og_title":"Je naozaj Gemer v\u00fdnimo\u010dn\u00fd? - Chalupadanka","og_description":"Je naozaj Gemer v\u00fdnimo\u010dn\u00fd? Priamo Gemerom prech\u00e1dzaj\u00fa a z\u00e1rove\u0148 ho obklopuj\u00fa viacer\u00e9 n\u00e1rodn\u00e9 parky. Tieto s\u00fa pln\u00e9 \u00fachvatn\u00fdch scen\u00e9ri\u00ed a fascinuj\u00facich pr\u00edrodn\u00fdch kr\u00e1s. Na dosah ruky tu m\u00e1te aj perly a skvosty zachovan\u00e9 po na\u0161ich predkoch, ve\u010f historicko kult\u00farne pamiatky Gemera s\u00fa naozaj jedine\u010dn\u00e9 a ich n\u00e1v\u0161teva zanech\u00e1 v ka\u017edom hlbok\u00fd dojem. Tak u pr\u00edrodn\u00fdch [&hellip;]","og_url":"https:\/\/www.chalupadanka.eu\/?page_id=946","og_site_name":"Chalupadanka","article_modified_time":"2022-03-03T11:40:58+00:00","og_image":[{"url":"https:\/\/www.chalupadanka.eu\/wp-content\/uploads\/2022\/03\/region-gemer.jpg"}],"twitter_card":"summary_large_image","twitter_misc":{"Predpokladan\u00fd \u010das \u010d\u00edtania":"1 min\u00fata"},"schema":{"@context":"https:\/\/schema.org","@graph":[{"@type":"WebPage","@id":"https:\/\/www.chalupadanka.eu\/?page_id=946","url":"https:\/\/www.chalupadanka.eu\/?page_id=946","name":"Je naozaj Gemer v\u00fdnimo\u010dn\u00fd? - Chalupadanka","isPartOf":{"@id":"https:\/\/www.chalupadanka.eu\/#website"},"primaryImageOfPage":{"@id":"https:\/\/www.chalupadanka.eu\/?page_id=946#primaryimage"},"image":{"@id":"https:\/\/www.chalupadanka.eu\/?page_id=946#primaryimage"},"thumbnailUrl":"https:\/\/www.chalupadanka.eu\/wp-content\/uploads\/2022\/03\/region-gemer.jpg","datePublished":"2022-03-03T11:38:06+00:00","dateModified":"2022-03-03T11:40:58+00:00","breadcrumb":{"@id":"https:\/\/www.chalupadanka.eu\/?page_id=946#breadcrumb"},"inLanguage":"sk-SK","potentialAction":[{"@type":"ReadAction","target":["https:\/\/www.chalupadanka.eu\/?page_id=946"]}]},{"@type":"ImageObject","inLanguage":"sk-SK","@id":"https:\/\/www.chalupadanka.eu\/?page_id=946#primaryimage","url":"https:\/\/www.chalupadanka.eu\/wp-content\/uploads\/2022\/03\/region-gemer.jpg","contentUrl":"https:\/\/www.chalupadanka.eu\/wp-content\/uploads\/2022\/03\/region-gemer.jpg","width":2560,"height":1440},{"@type":"BreadcrumbList","@id":"https:\/\/www.chalupadanka.eu\/?page_id=946#breadcrumb","itemListElement":[{"@type":"ListItem","position":1,"name":"Home","item":"https:\/\/www.chalupadanka.eu\/"},{"@type":"ListItem","position":2,"name":"Je naozaj Gemer v\u00fdnimo\u010dn\u00fd?"}]},{"@type":"WebSite","@id":"https:\/\/www.chalupadanka.eu\/#website","url":"https:\/\/www.chalupadanka.eu\/","name":"Chalupadanka","description":"Len \u010fal\u0161ia WordPress str\u00e1nka","potentialAction":[{"@type":"SearchAction","target":{"@type":"EntryPoint","urlTemplate":"https:\/\/www.chalupadanka.eu\/?s={search_term_string}"},"query-input":"required name=search_term_string"}],"inLanguage":"sk-SK"}]}},"_links":{"self":[{"href":"https:\/\/www.chalupadanka.eu\/index.php?rest_route=\/wp\/v2\/pages\/946"}],"collection":[{"href":"https:\/\/www.chalupadanka.eu\/index.php?rest_route=\/wp\/v2\/pages"}],"about":[{"href":"https:\/\/www.chalupadanka.eu\/index.php?rest_route=\/wp\/v2\/types\/page"}],"author":[{"embeddable":true,"href":"https:\/\/www.chalupadanka.eu\/index.php?rest_route=\/wp\/v2\/users\/1"}],"replies":[{"embeddable":true,"href":"https:\/\/www.chalupadanka.eu\/index.php?rest_route=%2Fwp%2Fv2%2Fcomments&post=946"}],"version-history":[{"count":6,"href":"https:\/\/www.chalupadanka.eu\/index.php?rest_route=\/wp\/v2\/pages\/946\/revisions"}],"predecessor-version":[{"id":955,"href":"https:\/\/www.chalupadanka.eu\/index.php?rest_route=\/wp\/v2\/pages\/946\/revisions\/955"}],"wp:attachment":[{"href":"https:\/\/www.chalupadanka.eu\/index.php?rest_route=%2Fwp%2Fv2%2Fmedia&parent=946"}],"curies":[{"name":"wp","href":"https:\/\/api.w.org\/{rel}","templated":true}]}}