{"id":920,"date":"2022-03-02T14:47:56","date_gmt":"2022-03-02T13:47:56","guid":{"rendered":"https:\/\/www.chalupadanka.eu\/?page_id=920"},"modified":"2023-02-21T23:53:41","modified_gmt":"2023-02-21T22:53:41","slug":"rezervacia","status":"publish","type":"page","link":"https:\/\/www.chalupadanka.eu\/?page_id=920","title":{"rendered":"Rezerv\u00e1cia"},"content":{"rendered":"\t\t<div data-elementor-type=\"wp-page\" data-elementor-id=\"920\" class=\"elementor elementor-920\">\n\t\t\t\t\t\t<section class=\"elementor-section elementor-top-section elementor-element elementor-element-17e9890a elementor-section-boxed elementor-section-height-default elementor-section-height-default\" data-id=\"17e9890a\" data-element_type=\"section\" data-settings=\"{&quot;background_background&quot;:&quot;classic&quot;}\">\n\t\t\t\t\t\t\t<div class=\"elementor-background-overlay\"><\/div>\n\t\t\t\t\t\t\t<div class=\"elementor-container elementor-column-gap-default\">\n\t\t\t\t\t<div class=\"elementor-column elementor-col-100 elementor-top-column elementor-element elementor-element-31bf3bec\" data-id=\"31bf3bec\" data-element_type=\"column\">\n\t\t\t<div class=\"elementor-widget-wrap elementor-element-populated\">\n\t\t\t\t\t\t<div class=\"elementor-element elementor-element-7166d563 elementor-widget elementor-widget-heading\" data-id=\"7166d563\" data-element_type=\"widget\" data-widget_type=\"heading.default\">\n\t\t\t\t<div class=\"elementor-widget-container\">\n\t\t\t<style>\/*! elementor - v3.21.0 - 25-04-2024 *\/\n.elementor-heading-title{padding:0;margin:0;line-height:1}.elementor-widget-heading .elementor-heading-title[class*=elementor-size-]>a{color:inherit;font-size:inherit;line-height:inherit}.elementor-widget-heading .elementor-heading-title.elementor-size-small{font-size:15px}.elementor-widget-heading .elementor-heading-title.elementor-size-medium{font-size:19px}.elementor-widget-heading .elementor-heading-title.elementor-size-large{font-size:29px}.elementor-widget-heading .elementor-heading-title.elementor-size-xl{font-size:39px}.elementor-widget-heading .elementor-heading-title.elementor-size-xxl{font-size:59px}<\/style><h1 class=\"elementor-heading-title elementor-size-default\">Rezervujte si u n\u00e1s pobyt<\/h1>\t\t<\/div>\n\t\t\t\t<\/div>\n\t\t\t\t<div class=\"elementor-element elementor-element-7e304700 elementor-widget elementor-widget-text-editor\" data-id=\"7e304700\" data-element_type=\"widget\" data-widget_type=\"text-editor.default\">\n\t\t\t\t<div class=\"elementor-widget-container\">\n\t\t\t<style>\/*! elementor - v3.21.0 - 25-04-2024 *\/\n.elementor-widget-text-editor.elementor-drop-cap-view-stacked .elementor-drop-cap{background-color:#69727d;color:#fff}.elementor-widget-text-editor.elementor-drop-cap-view-framed .elementor-drop-cap{color:#69727d;border:3px solid;background-color:transparent}.elementor-widget-text-editor:not(.elementor-drop-cap-view-default) .elementor-drop-cap{margin-top:8px}.elementor-widget-text-editor:not(.elementor-drop-cap-view-default) .elementor-drop-cap-letter{width:1em;height:1em}.elementor-widget-text-editor .elementor-drop-cap{float:left;text-align:center;line-height:1;font-size:50px}.elementor-widget-text-editor .elementor-drop-cap-letter{display:inline-block}<\/style>\t\t\t\t<p>V pr\u00edpade z\u00e1ujmu n\u00e1s kontaktujte alebo vypl\u0148te rezerva\u010dn\u00fd formul\u00e1r.<\/p>\t\t\t\t\t\t<\/div>\n\t\t\t\t<\/div>\n\t\t\t\t\t<\/div>\n\t\t<\/div>\n\t\t\t\t\t<\/div>\n\t\t<\/section>\n\t\t\t\t<section class=\"elementor-section elementor-top-section elementor-element elementor-element-6b7d0e31 elementor-section-boxed elementor-section-height-default elementor-section-height-default\" data-id=\"6b7d0e31\" data-element_type=\"section\" data-settings=\"{&quot;background_background&quot;:&quot;classic&quot;}\">\n\t\t\t\t\t\t<div class=\"elementor-container elementor-column-gap-no\">\n\t\t\t\t\t<div class=\"elementor-column elementor-col-50 elementor-top-column elementor-element elementor-element-65dcf3fc\" data-id=\"65dcf3fc\" data-element_type=\"column\">\n\t\t\t<div class=\"elementor-widget-wrap elementor-element-populated\">\n\t\t\t\t\t\t<div class=\"elementor-element elementor-element-0d7f046 elementor-widget elementor-widget-image\" data-id=\"0d7f046\" data-element_type=\"widget\" data-widget_type=\"image.default\">\n\t\t\t\t<div class=\"elementor-widget-container\">\n\t\t\t<style>\/*! elementor - v3.21.0 - 25-04-2024 *\/\n.elementor-widget-image{text-align:center}.elementor-widget-image a{display:inline-block}.elementor-widget-image a img[src$=\".svg\"]{width:48px}.elementor-widget-image img{vertical-align:middle;display:inline-block}<\/style>\t\t\t\t\t\t\t\t\t\t<img fetchpriority=\"high\" decoding=\"async\" width=\"1920\" height=\"2560\" src=\"https:\/\/www.chalupadanka.eu\/wp-content\/uploads\/2022\/01\/IMG_20190731_153321-scaled.jpg\" class=\"attachment-full size-full wp-image-648\" alt=\"Chalupa Danka\" srcset=\"https:\/\/www.chalupadanka.eu\/wp-content\/uploads\/2022\/01\/IMG_20190731_153321-scaled.jpg 1920w, https:\/\/www.chalupadanka.eu\/wp-content\/uploads\/2022\/01\/IMG_20190731_153321-225x300.jpg 225w, https:\/\/www.chalupadanka.eu\/wp-content\/uploads\/2022\/01\/IMG_20190731_153321-768x1024.jpg 768w, https:\/\/www.chalupadanka.eu\/wp-content\/uploads\/2022\/01\/IMG_20190731_153321-1152x1536.jpg 1152w, https:\/\/www.chalupadanka.eu\/wp-content\/uploads\/2022\/01\/IMG_20190731_153321-1536x2048.jpg 1536w\" sizes=\"(max-width: 1920px) 100vw, 1920px\" \/>\t\t\t\t\t\t\t\t\t\t\t\t\t<\/div>\n\t\t\t\t<\/div>\n\t\t\t\t<div class=\"elementor-element elementor-element-16b3fcf5 elementor-widget elementor-widget-heading\" data-id=\"16b3fcf5\" data-element_type=\"widget\" data-widget_type=\"heading.default\">\n\t\t\t\t<div class=\"elementor-widget-container\">\n\t\t\t<h4 class=\"elementor-heading-title elementor-size-default\"> \tChalupa Danka \u0160t\u00edtnik<\/h4>\t\t<\/div>\n\t\t\t\t<\/div>\n\t\t\t\t<div class=\"elementor-element elementor-element-26580f22 elementor-widget elementor-widget-heading\" data-id=\"26580f22\" data-element_type=\"widget\" data-widget_type=\"heading.default\">\n\t\t\t\t<div class=\"elementor-widget-container\">\n\t\t\t<h6 class=\"elementor-heading-title elementor-size-default\">\u0160t\u00edtnik, Ochtinsk\u00e1 444,  049 32 Slovensk\u00e1 republika<\/h6>\t\t<\/div>\n\t\t\t\t<\/div>\n\t\t\t\t<div class=\"elementor-element elementor-element-6ecba1a5 elementor-widget elementor-widget-heading\" data-id=\"6ecba1a5\" data-element_type=\"widget\" data-widget_type=\"heading.default\">\n\t\t\t\t<div class=\"elementor-widget-container\">\n\t\t\t<h4 class=\"elementor-heading-title elementor-size-default\">Zodpovedn\u00e1 osoba<\/h4>\t\t<\/div>\n\t\t\t\t<\/div>\n\t\t\t\t<div class=\"elementor-element elementor-element-5e404a76 elementor-widget elementor-widget-heading\" data-id=\"5e404a76\" data-element_type=\"widget\" data-widget_type=\"heading.default\">\n\t\t\t\t<div class=\"elementor-widget-container\">\n\t\t\t<h6 class=\"elementor-heading-title elementor-size-default\">Ing. Peter Major\u010d\u00edk<\/h6>\t\t<\/div>\n\t\t\t\t<\/div>\n\t\t\t\t<div class=\"elementor-element elementor-element-543f08bc elementor-widget elementor-widget-heading\" data-id=\"543f08bc\" data-element_type=\"widget\" data-widget_type=\"heading.default\">\n\t\t\t\t<div class=\"elementor-widget-container\">\n\t\t\t<h4 class=\"elementor-heading-title elementor-size-default\">Kontakt<\/h4>\t\t<\/div>\n\t\t\t\t<\/div>\n\t\t\t\t<div class=\"elementor-element elementor-element-7380f12d elementor-widget elementor-widget-heading\" data-id=\"7380f12d\" data-element_type=\"widget\" data-widget_type=\"heading.default\">\n\t\t\t\t<div class=\"elementor-widget-container\">\n\t\t\t<h6 class=\"elementor-heading-title elementor-size-default\">+421 917762666, +421 908041281<\/h6>\t\t<\/div>\n\t\t\t\t<\/div>\n\t\t\t\t<div class=\"elementor-element elementor-element-58d99218 elementor-widget elementor-widget-heading\" data-id=\"58d99218\" data-element_type=\"widget\" data-widget_type=\"heading.default\">\n\t\t\t\t<div class=\"elementor-widget-container\">\n\t\t\t<h6 class=\"elementor-heading-title elementor-size-default\">peter.majorcik@gmail.com, dana.majorcikova@gmail.com, info@chalupadanka.eu, dana.majorcikova@roznava.sk<\/h6>\t\t<\/div>\n\t\t\t\t<\/div>\n\t\t\t\t\t<\/div>\n\t\t<\/div>\n\t\t\t\t<div class=\"elementor-column elementor-col-50 elementor-top-column elementor-element elementor-element-3aa8af37\" data-id=\"3aa8af37\" data-element_type=\"column\">\n\t\t\t<div class=\"elementor-widget-wrap elementor-element-populated\">\n\t\t\t\t\t\t<div class=\"elementor-element elementor-element-8a52971 elementor-widget elementor-widget-heading\" data-id=\"8a52971\" data-element_type=\"widget\" data-widget_type=\"heading.default\">\n\t\t\t\t<div class=\"elementor-widget-container\">\n\t\t\t<h4 class=\"elementor-heading-title elementor-size-default\">Rezerva\u010dn\u00fd formul\u00e1r<\/h4>\t\t<\/div>\n\t\t\t\t<\/div>\n\t\t\t\t<div class=\"elementor-element elementor-element-bb7930d elementor-widget elementor-widget-text-editor\" data-id=\"bb7930d\" data-element_type=\"widget\" data-widget_type=\"text-editor.default\">\n\t\t\t\t<div class=\"elementor-widget-container\">\n\t\t\t\t\t\t\t\n<div class=\"wpcf7 no-js\" id=\"wpcf7-f916-o1\" lang=\"sk-SK\" dir=\"ltr\">\n<div class=\"screen-reader-response\"><p role=\"status\" aria-live=\"polite\" aria-atomic=\"true\"><\/p> <ul><\/ul><\/div>\n<form action=\"\/index.php?rest_route=%2Fwp%2Fv2%2Fpages%2F920#wpcf7-f916-o1\" method=\"post\" class=\"wpcf7-form init\" aria-label=\"Kontaktn\u00fd formul\u00e1r\" novalidate=\"novalidate\" data-status=\"init\">\n<div style=\"display: none;\">\n<input type=\"hidden\" name=\"_wpcf7\" value=\"916\" \/>\n<input type=\"hidden\" name=\"_wpcf7_version\" value=\"5.9.3\" \/>\n<input type=\"hidden\" name=\"_wpcf7_locale\" value=\"sk_SK\" \/>\n<input type=\"hidden\" name=\"_wpcf7_unit_tag\" value=\"wpcf7-f916-o1\" \/>\n<input type=\"hidden\" name=\"_wpcf7_container_post\" value=\"0\" \/>\n<input type=\"hidden\" name=\"_wpcf7_posted_data_hash\" value=\"\" \/>\n<input type=\"hidden\" name=\"_wpcf7_recaptcha_response\" value=\"\" \/>\n<\/div>\n<p><label> Rezerv\u00e1cia od<br \/>\n<span class=\"wpcf7-form-control-wrap\" data-name=\"Rezervciaod\"><input class=\"wpcf7-form-control wpcf7-date wpcf7-validates-as-date\" aria-invalid=\"false\" value=\"\" type=\"date\" name=\"Rezervciaod\" \/><\/span> <\/label>\n<\/p>\n<p><label> Rezerv\u00e1cia od<br \/>\n<span class=\"wpcf7-form-control-wrap\" data-name=\"Rezervciado\"><input class=\"wpcf7-form-control wpcf7-date wpcf7-validates-as-date\" aria-invalid=\"false\" value=\"\" type=\"date\" name=\"Rezervciado\" \/><\/span> <\/label>\n<\/p>\n<p><label> Apartm\u00e1n <\/label><br \/>\n<span class=\"wpcf7-form-control-wrap\" data-name=\"vyberapartman\"><span class=\"wpcf7-form-control wpcf7-checkbox wpcf7-validates-as-required\"><span class=\"wpcf7-list-item first\"><input type=\"checkbox\" name=\"vyberapartman[]\" value=\"Apartm\u00e1n 1\" \/><span class=\"wpcf7-list-item-label\">Apartm\u00e1n 1<\/span><\/span><span class=\"wpcf7-list-item\"><input type=\"checkbox\" name=\"vyberapartman[]\" value=\"Apartm\u00e1n 2\" \/><span class=\"wpcf7-list-item-label\">Apartm\u00e1n 2<\/span><\/span><span class=\"wpcf7-list-item last\"><input type=\"checkbox\" name=\"vyberapartman[]\" value=\"Letn\u00fd apartm\u00e1n\" \/><span class=\"wpcf7-list-item-label\">Letn\u00fd apartm\u00e1n<\/span><\/span><\/span><\/span>\n<\/p>\n<p><label> Po\u010det host\u00ed<br \/>\n<span class=\"wpcf7-form-control-wrap\" data-name=\"Pocethosti\"><select class=\"wpcf7-form-control wpcf7-select\" aria-invalid=\"false\" name=\"Pocethosti\"><option value=\"1\">1<\/option><option value=\"2\">2<\/option><option value=\"3\">3<\/option><option value=\"4\">4<\/option><option value=\"5\">5<\/option><option value=\"6\">6<\/option><option value=\"7\">7<\/option><option value=\"8\">8<\/option><option value=\"9\">9<\/option><option value=\"10\">10<\/option><option value=\"11\">11<\/option><option value=\"12\">12<\/option><option value=\"13\">13<\/option><option value=\"14\">14<\/option><\/select><\/span> <\/label>\n<\/p>\n<p><label> Va\u0161e meno<br \/>\n<span class=\"wpcf7-form-control-wrap\" data-name=\"your-name\"><input size=\"40\" class=\"wpcf7-form-control wpcf7-text wpcf7-validates-as-required\" aria-required=\"true\" aria-invalid=\"false\" value=\"\" type=\"text\" name=\"your-name\" \/><\/span> <\/label>\n<\/p>\n<p><label> V\u00e1\u0161 email<br \/>\n<span class=\"wpcf7-form-control-wrap\" data-name=\"your-email\"><input size=\"40\" class=\"wpcf7-form-control wpcf7-email wpcf7-validates-as-required wpcf7-text wpcf7-validates-as-email\" aria-required=\"true\" aria-invalid=\"false\" value=\"\" type=\"email\" name=\"your-email\" \/><\/span> <\/label>\n<\/p>\n<p><label> Predmet<br \/>\n<span class=\"wpcf7-form-control-wrap\" data-name=\"your-subject\"><input size=\"40\" class=\"wpcf7-form-control wpcf7-text wpcf7-validates-as-required\" aria-required=\"true\" aria-invalid=\"false\" value=\"\" type=\"text\" name=\"your-subject\" \/><\/span> <\/label>\n<\/p>\n<p><label> Va\u0161a spr\u00e1va (volite\u013en\u00e9)<br \/>\n<span class=\"wpcf7-form-control-wrap\" data-name=\"your-message\"><textarea cols=\"40\" rows=\"10\" class=\"wpcf7-form-control wpcf7-textarea\" aria-invalid=\"false\" name=\"your-message\"><\/textarea><\/span> <\/label>\n<\/p>\n<p><input class=\"wpcf7-form-control wpcf7-submit has-spinner\" type=\"submit\" value=\"Odosla\u0165\" \/>\n<\/p><div class=\"wpcf7-response-output\" aria-hidden=\"true\"><\/div>\n<\/form>\n<\/div>\n\t\t\t\t\t\t<\/div>\n\t\t\t\t<\/div>\n\t\t\t\t\t<\/div>\n\t\t<\/div>\n\t\t\t\t\t<\/div>\n\t\t<\/section>\n\t\t\t\t<section class=\"elementor-section elementor-top-section elementor-element elementor-element-6d1ee272 elementor-section-full_width elementor-section-height-default elementor-section-height-default\" data-id=\"6d1ee272\" data-element_type=\"section\">\n\t\t\t\t\t\t<div class=\"elementor-container elementor-column-gap-no\">\n\t\t\t\t\t<div class=\"elementor-column elementor-col-100 elementor-top-column elementor-element elementor-element-462484f2\" data-id=\"462484f2\" data-element_type=\"column\">\n\t\t\t<div class=\"elementor-widget-wrap elementor-element-populated\">\n\t\t\t\t\t\t<div class=\"elementor-element elementor-element-37edeefe elementor-widget elementor-widget-google_maps\" data-id=\"37edeefe\" data-element_type=\"widget\" data-widget_type=\"google_maps.default\">\n\t\t\t\t<div class=\"elementor-widget-container\">\n\t\t\t<style>\/*! elementor - v3.21.0 - 25-04-2024 *\/\n.elementor-widget-google_maps .elementor-widget-container{overflow:hidden}.elementor-widget-google_maps .elementor-custom-embed{line-height:0}.elementor-widget-google_maps iframe{height:300px}<\/style>\t\t<div class=\"elementor-custom-embed\">\n\t\t\t<iframe loading=\"lazy\"\n\t\t\t\t\tsrc=\"https:\/\/maps.google.com\/maps?q=%C5%A0t%C3%ADtnik%2C%20Ochtinsk%C3%A1%20444%2C%20%20049%2032%20Slovensk%C3%A1%20republika&#038;t=m&#038;z=12&#038;output=embed&#038;iwloc=near\"\n\t\t\t\t\ttitle=\"\u0160t\u00edtnik, Ochtinsk\u00e1 444,  049 32 Slovensk\u00e1 republika\"\n\t\t\t\t\taria-label=\"\u0160t\u00edtnik, Ochtinsk\u00e1 444,  049 32 Slovensk\u00e1 republika\"\n\t\t\t><\/iframe>\n\t\t<\/div>\n\t\t\t\t<\/div>\n\t\t\t\t<\/div>\n\t\t\t\t\t<\/div>\n\t\t<\/div>\n\t\t\t\t\t<\/div>\n\t\t<\/section>\n\t\t\t\t<\/div>\n\t\t","protected":false},"excerpt":{"rendered":"<p>Rezervujte si u n\u00e1s pobyt V pr\u00edpade z\u00e1ujmu n\u00e1s kontaktujte alebo vypl\u0148te rezerva\u010dn\u00fd formul\u00e1r. Chalupa Danka \u0160t\u00edtnik \u0160t\u00edtnik, Ochtinsk\u00e1 444, 049 32 Slovensk\u00e1 republika Zodpovedn\u00e1 osoba Ing. Peter Major\u010d\u00edk Kontakt +421 917762666, +421 908041281 peter.majorcik@gmail.com, dana.majorcikova@gmail.com, info@chalupadanka.eu, dana.majorcikova@roznava.sk Rezerva\u010dn\u00fd formul\u00e1r<\/p>\n","protected":false},"author":1,"featured_media":0,"parent":0,"menu_order":0,"comment_status":"closed","ping_status":"closed","template":"","meta":{"_monsterinsights_skip_tracking":false,"_monsterinsights_sitenote_active":false,"_monsterinsights_sitenote_note":"","_monsterinsights_sitenote_category":0,"site-sidebar-layout":"no-sidebar","site-content-layout":"page-builder","ast-site-content-layout":"","site-content-style":"default","site-sidebar-style":"default","ast-global-header-display":"","ast-banner-title-visibility":"","ast-main-header-display":"","ast-hfb-above-header-display":"","ast-hfb-below-header-display":"","ast-hfb-mobile-header-display":"","site-post-title":"disabled","ast-breadcrumbs-content":"","ast-featured-img":"disabled","footer-sml-layout":"","theme-transparent-header-meta":"","adv-header-id-meta":"","stick-header-meta":"","header-above-stick-meta":"","header-main-stick-meta":"","header-below-stick-meta":"","astra-migrate-meta-layouts":"default","ast-page-background-enabled":"default","ast-page-background-meta":{"desktop":{"background-color":"","background-image":"","background-repeat":"repeat","background-position":"center center","background-size":"auto","background-attachment":"scroll","background-type":"","background-media":"","overlay-type":"","overlay-color":"","overlay-gradient":""},"tablet":{"background-color":"","background-image":"","background-repeat":"repeat","background-position":"center center","background-size":"auto","background-attachment":"scroll","background-type":"","background-media":"","overlay-type":"","overlay-color":"","overlay-gradient":""},"mobile":{"background-color":"","background-image":"","background-repeat":"repeat","background-position":"center center","background-size":"auto","background-attachment":"scroll","background-type":"","background-media":"","overlay-type":"","overlay-color":"","overlay-gradient":""}},"ast-content-background-meta":{"desktop":{"background-color":"var(--ast-global-color-5)","background-image":"","background-repeat":"repeat","background-position":"center center","background-size":"auto","background-attachment":"scroll","background-type":"","background-media":"","overlay-type":"","overlay-color":"","overlay-gradient":""},"tablet":{"background-color":"var(--ast-global-color-5)","background-image":"","background-repeat":"repeat","background-position":"center center","background-size":"auto","background-attachment":"scroll","background-type":"","background-media":"","overlay-type":"","overlay-color":"","overlay-gradient":""},"mobile":{"background-color":"var(--ast-global-color-5)","background-image":"","background-repeat":"repeat","background-position":"center center","background-size":"auto","background-attachment":"scroll","background-type":"","background-media":"","overlay-type":"","overlay-color":"","overlay-gradient":""}},"footnotes":""},"yoast_head":"<!-- This site is optimized with the Yoast SEO plugin v22.5 - https:\/\/yoast.com\/wordpress\/plugins\/seo\/ -->\n<title>Rezerv\u00e1cia - Chalupadanka<\/title>\n<meta name=\"robots\" content=\"index, follow, max-snippet:-1, max-image-preview:large, max-video-preview:-1\" \/>\n<link rel=\"canonical\" href=\"https:\/\/www.chalupadanka.eu\/?page_id=920\" \/>\n<meta property=\"og:locale\" content=\"sk_SK\" \/>\n<meta property=\"og:type\" content=\"article\" \/>\n<meta property=\"og:title\" content=\"Rezerv\u00e1cia - Chalupadanka\" \/>\n<meta property=\"og:description\" content=\"Rezervujte si u n\u00e1s pobyt V pr\u00edpade z\u00e1ujmu n\u00e1s kontaktujte alebo vypl\u0148te rezerva\u010dn\u00fd formul\u00e1r. Chalupa Danka \u0160t\u00edtnik \u0160t\u00edtnik, Ochtinsk\u00e1 444, 049 32 Slovensk\u00e1 republika Zodpovedn\u00e1 osoba Ing. Peter Major\u010d\u00edk Kontakt +421 917762666, +421 908041281 peter.majorcik@gmail.com, dana.majorcikova@gmail.com, info@chalupadanka.eu, dana.majorcikova@roznava.sk Rezerva\u010dn\u00fd formul\u00e1r\" \/>\n<meta property=\"og:url\" content=\"https:\/\/www.chalupadanka.eu\/?page_id=920\" \/>\n<meta property=\"og:site_name\" content=\"Chalupadanka\" \/>\n<meta property=\"article:modified_time\" content=\"2023-02-21T22:53:41+00:00\" \/>\n<meta property=\"og:image\" content=\"https:\/\/www.chalupadanka.eu\/wp-content\/uploads\/2022\/01\/IMG_20190731_153321-scaled.jpg\" \/>\n<meta name=\"twitter:card\" content=\"summary_large_image\" \/>\n<meta name=\"twitter:label1\" content=\"Predpokladan\u00fd \u010das \u010d\u00edtania\" \/>\n\t<meta name=\"twitter:data1\" content=\"1 min\u00fata\" \/>\n<script type=\"application\/ld+json\" class=\"yoast-schema-graph\">{\"@context\":\"https:\/\/schema.org\",\"@graph\":[{\"@type\":\"WebPage\",\"@id\":\"https:\/\/www.chalupadanka.eu\/?page_id=920\",\"url\":\"https:\/\/www.chalupadanka.eu\/?page_id=920\",\"name\":\"Rezerv\u00e1cia - Chalupadanka\",\"isPartOf\":{\"@id\":\"https:\/\/www.chalupadanka.eu\/#website\"},\"primaryImageOfPage\":{\"@id\":\"https:\/\/www.chalupadanka.eu\/?page_id=920#primaryimage\"},\"image\":{\"@id\":\"https:\/\/www.chalupadanka.eu\/?page_id=920#primaryimage\"},\"thumbnailUrl\":\"https:\/\/www.chalupadanka.eu\/wp-content\/uploads\/2022\/01\/IMG_20190731_153321-scaled.jpg\",\"datePublished\":\"2022-03-02T13:47:56+00:00\",\"dateModified\":\"2023-02-21T22:53:41+00:00\",\"breadcrumb\":{\"@id\":\"https:\/\/www.chalupadanka.eu\/?page_id=920#breadcrumb\"},\"inLanguage\":\"sk-SK\",\"potentialAction\":[{\"@type\":\"ReadAction\",\"target\":[\"https:\/\/www.chalupadanka.eu\/?page_id=920\"]}]},{\"@type\":\"ImageObject\",\"inLanguage\":\"sk-SK\",\"@id\":\"https:\/\/www.chalupadanka.eu\/?page_id=920#primaryimage\",\"url\":\"https:\/\/www.chalupadanka.eu\/wp-content\/uploads\/2022\/01\/IMG_20190731_153321-scaled.jpg\",\"contentUrl\":\"https:\/\/www.chalupadanka.eu\/wp-content\/uploads\/2022\/01\/IMG_20190731_153321-scaled.jpg\",\"width\":1920,\"height\":2560,\"caption\":\"Chalupa Danka\"},{\"@type\":\"BreadcrumbList\",\"@id\":\"https:\/\/www.chalupadanka.eu\/?page_id=920#breadcrumb\",\"itemListElement\":[{\"@type\":\"ListItem\",\"position\":1,\"name\":\"Home\",\"item\":\"https:\/\/www.chalupadanka.eu\/\"},{\"@type\":\"ListItem\",\"position\":2,\"name\":\"Rezerv\u00e1cia\"}]},{\"@type\":\"WebSite\",\"@id\":\"https:\/\/www.chalupadanka.eu\/#website\",\"url\":\"https:\/\/www.chalupadanka.eu\/\",\"name\":\"Chalupadanka\",\"description\":\"Len \u010fal\u0161ia WordPress str\u00e1nka\",\"potentialAction\":[{\"@type\":\"SearchAction\",\"target\":{\"@type\":\"EntryPoint\",\"urlTemplate\":\"https:\/\/www.chalupadanka.eu\/?s={search_term_string}\"},\"query-input\":\"required name=search_term_string\"}],\"inLanguage\":\"sk-SK\"}]}<\/script>\n<!-- \/ Yoast SEO plugin. -->","yoast_head_json":{"title":"Rezerv\u00e1cia - Chalupadanka","robots":{"index":"index","follow":"follow","max-snippet":"max-snippet:-1","max-image-preview":"max-image-preview:large","max-video-preview":"max-video-preview:-1"},"canonical":"https:\/\/www.chalupadanka.eu\/?page_id=920","og_locale":"sk_SK","og_type":"article","og_title":"Rezerv\u00e1cia - Chalupadanka","og_description":"Rezervujte si u n\u00e1s pobyt V pr\u00edpade z\u00e1ujmu n\u00e1s kontaktujte alebo vypl\u0148te rezerva\u010dn\u00fd formul\u00e1r. Chalupa Danka \u0160t\u00edtnik \u0160t\u00edtnik, Ochtinsk\u00e1 444, 049 32 Slovensk\u00e1 republika Zodpovedn\u00e1 osoba Ing. Peter Major\u010d\u00edk Kontakt +421 917762666, +421 908041281 peter.majorcik@gmail.com, dana.majorcikova@gmail.com, info@chalupadanka.eu, dana.majorcikova@roznava.sk Rezerva\u010dn\u00fd formul\u00e1r","og_url":"https:\/\/www.chalupadanka.eu\/?page_id=920","og_site_name":"Chalupadanka","article_modified_time":"2023-02-21T22:53:41+00:00","og_image":[{"url":"https:\/\/www.chalupadanka.eu\/wp-content\/uploads\/2022\/01\/IMG_20190731_153321-scaled.jpg"}],"twitter_card":"summary_large_image","twitter_misc":{"Predpokladan\u00fd \u010das \u010d\u00edtania":"1 min\u00fata"},"schema":{"@context":"https:\/\/schema.org","@graph":[{"@type":"WebPage","@id":"https:\/\/www.chalupadanka.eu\/?page_id=920","url":"https:\/\/www.chalupadanka.eu\/?page_id=920","name":"Rezerv\u00e1cia - Chalupadanka","isPartOf":{"@id":"https:\/\/www.chalupadanka.eu\/#website"},"primaryImageOfPage":{"@id":"https:\/\/www.chalupadanka.eu\/?page_id=920#primaryimage"},"image":{"@id":"https:\/\/www.chalupadanka.eu\/?page_id=920#primaryimage"},"thumbnailUrl":"https:\/\/www.chalupadanka.eu\/wp-content\/uploads\/2022\/01\/IMG_20190731_153321-scaled.jpg","datePublished":"2022-03-02T13:47:56+00:00","dateModified":"2023-02-21T22:53:41+00:00","breadcrumb":{"@id":"https:\/\/www.chalupadanka.eu\/?page_id=920#breadcrumb"},"inLanguage":"sk-SK","potentialAction":[{"@type":"ReadAction","target":["https:\/\/www.chalupadanka.eu\/?page_id=920"]}]},{"@type":"ImageObject","inLanguage":"sk-SK","@id":"https:\/\/www.chalupadanka.eu\/?page_id=920#primaryimage","url":"https:\/\/www.chalupadanka.eu\/wp-content\/uploads\/2022\/01\/IMG_20190731_153321-scaled.jpg","contentUrl":"https:\/\/www.chalupadanka.eu\/wp-content\/uploads\/2022\/01\/IMG_20190731_153321-scaled.jpg","width":1920,"height":2560,"caption":"Chalupa Danka"},{"@type":"BreadcrumbList","@id":"https:\/\/www.chalupadanka.eu\/?page_id=920#breadcrumb","itemListElement":[{"@type":"ListItem","position":1,"name":"Home","item":"https:\/\/www.chalupadanka.eu\/"},{"@type":"ListItem","position":2,"name":"Rezerv\u00e1cia"}]},{"@type":"WebSite","@id":"https:\/\/www.chalupadanka.eu\/#website","url":"https:\/\/www.chalupadanka.eu\/","name":"Chalupadanka","description":"Len \u010fal\u0161ia WordPress str\u00e1nka","potentialAction":[{"@type":"SearchAction","target":{"@type":"EntryPoint","urlTemplate":"https:\/\/www.chalupadanka.eu\/?s={search_term_string}"},"query-input":"required name=search_term_string"}],"inLanguage":"sk-SK"}]}},"_links":{"self":[{"href":"https:\/\/www.chalupadanka.eu\/index.php?rest_route=\/wp\/v2\/pages\/920"}],"collection":[{"href":"https:\/\/www.chalupadanka.eu\/index.php?rest_route=\/wp\/v2\/pages"}],"about":[{"href":"https:\/\/www.chalupadanka.eu\/index.php?rest_route=\/wp\/v2\/types\/page"}],"author":[{"embeddable":true,"href":"https:\/\/www.chalupadanka.eu\/index.php?rest_route=\/wp\/v2\/users\/1"}],"replies":[{"embeddable":true,"href":"https:\/\/www.chalupadanka.eu\/index.php?rest_route=%2Fwp%2Fv2%2Fcomments&post=920"}],"version-history":[{"count":6,"href":"https:\/\/www.chalupadanka.eu\/index.php?rest_route=\/wp\/v2\/pages\/920\/revisions"}],"predecessor-version":[{"id":1046,"href":"https:\/\/www.chalupadanka.eu\/index.php?rest_route=\/wp\/v2\/pages\/920\/revisions\/1046"}],"wp:attachment":[{"href":"https:\/\/www.chalupadanka.eu\/index.php?rest_route=%2Fwp%2Fv2%2Fmedia&parent=920"}],"curies":[{"name":"wp","href":"https:\/\/api.w.org\/{rel}","templated":true}]}}