{"id":890,"date":"2022-03-02T14:24:12","date_gmt":"2022-03-02T13:24:12","guid":{"rendered":"https:\/\/www.chalupadanka.eu\/?page_id=890"},"modified":"2024-08-22T13:45:27","modified_gmt":"2024-08-22T11:45:27","slug":"chalupa-dvor-zahrada","status":"publish","type":"page","link":"https:\/\/www.chalupadanka.eu\/?page_id=890","title":{"rendered":"Chalupa, dvor, z\u00e1hrada"},"content":{"rendered":"\t\t<div data-elementor-type=\"wp-page\" data-elementor-id=\"890\" class=\"elementor elementor-890\">\n\t\t\t\t\t\t<section class=\"elementor-section elementor-top-section elementor-element elementor-element-4171ffde elementor-section-boxed elementor-section-height-default elementor-section-height-default\" data-id=\"4171ffde\" data-element_type=\"section\" data-settings=\"{&quot;background_background&quot;:&quot;classic&quot;}\">\n\t\t\t\t\t\t\t<div class=\"elementor-background-overlay\"><\/div>\n\t\t\t\t\t\t\t<div class=\"elementor-container elementor-column-gap-default\">\n\t\t\t\t\t<div class=\"elementor-column elementor-col-100 elementor-top-column elementor-element elementor-element-2f7f305\" data-id=\"2f7f305\" data-element_type=\"column\">\n\t\t\t<div class=\"elementor-widget-wrap elementor-element-populated\">\n\t\t\t\t\t\t<div class=\"elementor-element elementor-element-226ecee elementor-widget elementor-widget-heading\" data-id=\"226ecee\" data-element_type=\"widget\" data-widget_type=\"heading.default\">\n\t\t\t\t<div class=\"elementor-widget-container\">\n\t\t\t<style>\/*! elementor - v3.21.0 - 25-04-2024 *\/\n.elementor-heading-title{padding:0;margin:0;line-height:1}.elementor-widget-heading .elementor-heading-title[class*=elementor-size-]>a{color:inherit;font-size:inherit;line-height:inherit}.elementor-widget-heading .elementor-heading-title.elementor-size-small{font-size:15px}.elementor-widget-heading .elementor-heading-title.elementor-size-medium{font-size:19px}.elementor-widget-heading .elementor-heading-title.elementor-size-large{font-size:29px}.elementor-widget-heading .elementor-heading-title.elementor-size-xl{font-size:39px}.elementor-widget-heading .elementor-heading-title.elementor-size-xxl{font-size:59px}<\/style><h1 class=\"elementor-heading-title elementor-size-default\">Chalupa, dvor, z\u00e1hrada<\/h1>\t\t<\/div>\n\t\t\t\t<\/div>\n\t\t\t\t<div class=\"elementor-element elementor-element-59b4add7 elementor-widget elementor-widget-text-editor\" data-id=\"59b4add7\" data-element_type=\"widget\" data-widget_type=\"text-editor.default\">\n\t\t\t\t<div class=\"elementor-widget-container\">\n\t\t\t<style>\/*! elementor - v3.21.0 - 25-04-2024 *\/\n.elementor-widget-text-editor.elementor-drop-cap-view-stacked .elementor-drop-cap{background-color:#69727d;color:#fff}.elementor-widget-text-editor.elementor-drop-cap-view-framed .elementor-drop-cap{color:#69727d;border:3px solid;background-color:transparent}.elementor-widget-text-editor:not(.elementor-drop-cap-view-default) .elementor-drop-cap{margin-top:8px}.elementor-widget-text-editor:not(.elementor-drop-cap-view-default) .elementor-drop-cap-letter{width:1em;height:1em}.elementor-widget-text-editor .elementor-drop-cap{float:left;text-align:center;line-height:1;font-size:50px}.elementor-widget-text-editor .elementor-drop-cap-letter{display:inline-block}<\/style>\t\t\t\t<p>V\u0161etky potrebn\u00e9 inform\u00e1cie o ubytovan\u00ed na Chalupe Danka<\/p>\t\t\t\t\t\t<\/div>\n\t\t\t\t<\/div>\n\t\t\t\t\t<\/div>\n\t\t<\/div>\n\t\t\t\t\t<\/div>\n\t\t<\/section>\n\t\t\t\t<section class=\"elementor-section elementor-top-section elementor-element elementor-element-4e813bb7 elementor-section-boxed elementor-section-height-default elementor-section-height-default\" data-id=\"4e813bb7\" data-element_type=\"section\" data-settings=\"{&quot;background_background&quot;:&quot;classic&quot;}\">\n\t\t\t\t\t\t<div class=\"elementor-container elementor-column-gap-default\">\n\t\t\t\t\t<div class=\"elementor-column elementor-col-100 elementor-top-column elementor-element elementor-element-68ea6285\" data-id=\"68ea6285\" data-element_type=\"column\">\n\t\t\t<div class=\"elementor-widget-wrap elementor-element-populated\">\n\t\t\t\t\t\t<div class=\"elementor-element elementor-element-7963b765 elementor-widget elementor-widget-heading\" data-id=\"7963b765\" data-element_type=\"widget\" data-widget_type=\"heading.default\">\n\t\t\t\t<div class=\"elementor-widget-container\">\n\t\t\t<h2 class=\"elementor-heading-title elementor-size-default\">VYBAVENIE NA POZEMKU<\/h2>\t\t<\/div>\n\t\t\t\t<\/div>\n\t\t\t\t<div class=\"elementor-element elementor-element-22d4713e elementor-widget elementor-widget-text-editor\" data-id=\"22d4713e\" data-element_type=\"widget\" data-widget_type=\"text-editor.default\">\n\t\t\t\t<div class=\"elementor-widget-container\">\n\t\t\t\t\t\t\t<p>Ve\u013ek\u00e1 z\u00e1hrada s trvalkov\u00fdmi z\u00e1honmi a ovocn\u00fdmi stromami, tri samostatn\u00e9&nbsp; kryt\u00e9 sedenia, pieskovisko pre deti, gril s pom\u00f4ckami na grilovanie,ohnisko na opekanie,&nbsp; kotl\u00edk na gul\u00e1\u0161, lopty, petang, hra\u010dky pre deti do piesku, spolo\u010densk\u00e9 hry, kriedy na kreslenie, bedmintonov\u00e9 rakety,&nbsp; leh\u00e1tka na opa\u013eovanie, Retro m\u00fazeum v pivnici.<\/p>\t\t\t\t\t\t<\/div>\n\t\t\t\t<\/div>\n\t\t\t\t<div class=\"elementor-element elementor-element-71124d18 elementor-widget elementor-widget-heading\" data-id=\"71124d18\" data-element_type=\"widget\" data-widget_type=\"heading.default\">\n\t\t\t\t<div class=\"elementor-widget-container\">\n\t\t\t<h4 class=\"elementor-heading-title elementor-size-default\">Parkovanie<\/h4>\t\t<\/div>\n\t\t\t\t<\/div>\n\t\t\t\t<div class=\"elementor-element elementor-element-65b53c60 elementor-widget elementor-widget-text-editor\" data-id=\"65b53c60\" data-element_type=\"widget\" data-widget_type=\"text-editor.default\">\n\t\t\t\t<div class=\"elementor-widget-container\">\n\t\t\t\t\t\t\t<p>Miesto na parkovanie\u00a0 pre 2-3 aut\u00e1 priamo v uzavretom dvore.<\/p><p>\u00a0<\/p>\t\t\t\t\t\t<\/div>\n\t\t\t\t<\/div>\n\t\t\t\t<div class=\"elementor-element elementor-element-d0174d4 elementor-widget elementor-widget-heading\" data-id=\"d0174d4\" data-element_type=\"widget\" data-widget_type=\"heading.default\">\n\t\t\t\t<div class=\"elementor-widget-container\">\n\t\t\t<h4 class=\"elementor-heading-title elementor-size-default\">Dostupnos\u0165 z\u00e1kladn\u00fdch slu\u017eieb <\/h4>\t\t<\/div>\n\t\t\t\t<\/div>\n\t\t\t\t<div class=\"elementor-element elementor-element-34ec86e elementor-widget elementor-widget-text-editor\" data-id=\"34ec86e\" data-element_type=\"widget\" data-widget_type=\"text-editor.default\">\n\t\t\t\t<div class=\"elementor-widget-container\">\n\t\t\t\t\t\t\t<p>V\u0161etky d\u00f4le\u017eit\u00e9 slu\u017eby sa nach\u00e1dzaj\u00fa na ne\u010falekom&nbsp; n\u00e1mest\u00ed, teda bezprostredne&nbsp; v bl\u00edzkosti Chalupy Danka.&nbsp; Potraviny (150m), lek\u00e1re\u0148 a zdravotn\u00e9 stredisko (150m), mo\u017enos\u0165 stravovania (150m), autobus (150m)<\/p>\t\t\t\t\t\t<\/div>\n\t\t\t\t<\/div>\n\t\t\t\t\t<\/div>\n\t\t<\/div>\n\t\t\t\t\t<\/div>\n\t\t<\/section>\n\t\t\t\t<section class=\"elementor-section elementor-top-section elementor-element elementor-element-4bcc8f4f elementor-section-full_width elementor-section-height-default elementor-section-height-default\" data-id=\"4bcc8f4f\" data-element_type=\"section\" data-settings=\"{&quot;background_background&quot;:&quot;classic&quot;}\">\n\t\t\t\t\t\t<div class=\"elementor-container elementor-column-gap-no\">\n\t\t\t\t\t<div class=\"elementor-column elementor-col-100 elementor-top-column elementor-element elementor-element-4c178662\" data-id=\"4c178662\" data-element_type=\"column\">\n\t\t\t<div class=\"elementor-widget-wrap elementor-element-populated\">\n\t\t\t\t\t\t<section class=\"elementor-section elementor-inner-section elementor-element elementor-element-17244b1 elementor-section-full_width elementor-section-height-default elementor-section-height-default\" data-id=\"17244b1\" data-element_type=\"section\">\n\t\t\t\t\t\t<div class=\"elementor-container elementor-column-gap-no\">\n\t\t\t\t\t<div class=\"elementor-column elementor-col-100 elementor-inner-column elementor-element elementor-element-441f0c11\" data-id=\"441f0c11\" data-element_type=\"column\">\n\t\t\t<div class=\"elementor-widget-wrap elementor-element-populated\">\n\t\t\t\t\t\t<div class=\"elementor-element elementor-element-51eb9f8a elementor-widget elementor-widget-image\" data-id=\"51eb9f8a\" data-element_type=\"widget\" data-widget_type=\"image.default\">\n\t\t\t\t<div class=\"elementor-widget-container\">\n\t\t\t<style>\/*! elementor - v3.21.0 - 25-04-2024 *\/\n.elementor-widget-image{text-align:center}.elementor-widget-image a{display:inline-block}.elementor-widget-image a img[src$=\".svg\"]{width:48px}.elementor-widget-image img{vertical-align:middle;display:inline-block}<\/style>\t\t\t\t\t\t\t\t\t\t<img fetchpriority=\"high\" decoding=\"async\" width=\"2560\" height=\"1742\" src=\"https:\/\/www.chalupadanka.eu\/wp-content\/uploads\/2022\/03\/sedenia-scaled.jpg\" class=\"attachment-full size-full wp-image-817\" alt=\"\" srcset=\"https:\/\/www.chalupadanka.eu\/wp-content\/uploads\/2022\/03\/sedenia-scaled.jpg 2560w, https:\/\/www.chalupadanka.eu\/wp-content\/uploads\/2022\/03\/sedenia-300x204.jpg 300w, https:\/\/www.chalupadanka.eu\/wp-content\/uploads\/2022\/03\/sedenia-1024x697.jpg 1024w, https:\/\/www.chalupadanka.eu\/wp-content\/uploads\/2022\/03\/sedenia-768x523.jpg 768w, https:\/\/www.chalupadanka.eu\/wp-content\/uploads\/2022\/03\/sedenia-1536x1045.jpg 1536w, https:\/\/www.chalupadanka.eu\/wp-content\/uploads\/2022\/03\/sedenia-2048x1393.jpg 2048w\" sizes=\"(max-width: 2560px) 100vw, 2560px\" \/>\t\t\t\t\t\t\t\t\t\t\t\t\t<\/div>\n\t\t\t\t<\/div>\n\t\t\t\t\t<\/div>\n\t\t<\/div>\n\t\t\t\t\t<\/div>\n\t\t<\/section>\n\t\t\t\t\t<\/div>\n\t\t<\/div>\n\t\t\t\t\t<\/div>\n\t\t<\/section>\n\t\t\t\t<section class=\"elementor-section elementor-top-section elementor-element elementor-element-a1987e6 elementor-section-boxed elementor-section-height-default elementor-section-height-default\" data-id=\"a1987e6\" data-element_type=\"section\">\n\t\t\t\t\t\t<div class=\"elementor-container elementor-column-gap-default\">\n\t\t\t\t\t<div class=\"elementor-column elementor-col-100 elementor-top-column elementor-element elementor-element-3aa698b\" data-id=\"3aa698b\" data-element_type=\"column\">\n\t\t\t<div class=\"elementor-widget-wrap elementor-element-populated\">\n\t\t\t\t\t\t<div class=\"elementor-element elementor-element-3feff17 elementor-widget elementor-widget-spacer\" data-id=\"3feff17\" data-element_type=\"widget\" data-widget_type=\"spacer.default\">\n\t\t\t\t<div class=\"elementor-widget-container\">\n\t\t\t<style>\/*! elementor - v3.21.0 - 25-04-2024 *\/\n.elementor-column .elementor-spacer-inner{height:var(--spacer-size)}.e-con{--container-widget-width:100%}.e-con-inner>.elementor-widget-spacer,.e-con>.elementor-widget-spacer{width:var(--container-widget-width,var(--spacer-size));--align-self:var(--container-widget-align-self,initial);--flex-shrink:0}.e-con-inner>.elementor-widget-spacer>.elementor-widget-container,.e-con>.elementor-widget-spacer>.elementor-widget-container{height:100%;width:100%}.e-con-inner>.elementor-widget-spacer>.elementor-widget-container>.elementor-spacer,.e-con>.elementor-widget-spacer>.elementor-widget-container>.elementor-spacer{height:100%}.e-con-inner>.elementor-widget-spacer>.elementor-widget-container>.elementor-spacer>.elementor-spacer-inner,.e-con>.elementor-widget-spacer>.elementor-widget-container>.elementor-spacer>.elementor-spacer-inner{height:var(--container-widget-height,var(--spacer-size))}.e-con-inner>.elementor-widget-spacer.elementor-widget-empty,.e-con>.elementor-widget-spacer.elementor-widget-empty{position:relative;min-height:22px;min-width:22px}.e-con-inner>.elementor-widget-spacer.elementor-widget-empty .elementor-widget-empty-icon,.e-con>.elementor-widget-spacer.elementor-widget-empty .elementor-widget-empty-icon{position:absolute;top:0;bottom:0;left:0;right:0;margin:auto;padding:0;width:22px;height:22px}<\/style>\t\t<div class=\"elementor-spacer\">\n\t\t\t<div class=\"elementor-spacer-inner\"><\/div>\n\t\t<\/div>\n\t\t\t\t<\/div>\n\t\t\t\t<\/div>\n\t\t\t\t\t<\/div>\n\t\t<\/div>\n\t\t\t\t\t<\/div>\n\t\t<\/section>\n\t\t\t\t<section class=\"elementor-section elementor-top-section elementor-element elementor-element-7f6a10ab elementor-section-boxed elementor-section-height-default elementor-section-height-default\" data-id=\"7f6a10ab\" data-element_type=\"section\" data-settings=\"{&quot;background_background&quot;:&quot;classic&quot;}\">\n\t\t\t\t\t\t\t<div class=\"elementor-background-overlay\"><\/div>\n\t\t\t\t\t\t\t<div class=\"elementor-container elementor-column-gap-no\">\n\t\t\t\t\t<div class=\"elementor-column elementor-col-100 elementor-top-column elementor-element elementor-element-7464ad25\" data-id=\"7464ad25\" data-element_type=\"column\">\n\t\t\t<div class=\"elementor-widget-wrap elementor-element-populated\">\n\t\t\t\t\t\t<div class=\"elementor-element elementor-element-5f4fb8c elementor-widget elementor-widget-heading\" data-id=\"5f4fb8c\" data-element_type=\"widget\" data-widget_type=\"heading.default\">\n\t\t\t\t<div class=\"elementor-widget-container\">\n\t\t\t<h2 class=\"elementor-heading-title elementor-size-default\">Napl\u00e1nujte si pobyt v kr\u00e1snom prostred\u00ed regi\u00f3nu gemera<\/h2>\t\t<\/div>\n\t\t\t\t<\/div>\n\t\t\t\t<div class=\"elementor-element elementor-element-53c3bd19 elementor-widget elementor-widget-text-editor\" data-id=\"53c3bd19\" data-element_type=\"widget\" data-widget_type=\"text-editor.default\">\n\t\t\t\t<div class=\"elementor-widget-container\">\n\t\t\t\t\t\t\t<p>M\u00f4\u017eeme v\u00e1m pom\u00f4c\u0165 prisp\u00f4sobi\u0165 v\u00e1\u0161 pobyt a sk\u00fasenosti v r\u00e1mci v\u00e1\u0161ho\u00a0 rozpo\u010dtu.<\/p>\t\t\t\t\t\t<\/div>\n\t\t\t\t<\/div>\n\t\t\t\t<div class=\"elementor-element elementor-element-256db912 elementor-widget elementor-widget-heading\" data-id=\"256db912\" data-element_type=\"widget\" data-widget_type=\"heading.default\">\n\t\t\t\t<div class=\"elementor-widget-container\">\n\t\t\t<p class=\"elementor-heading-title elementor-size-default\">REZERVUJTE U\u017d TERAZ<\/p>\t\t<\/div>\n\t\t\t\t<\/div>\n\t\t\t\t<div class=\"elementor-element elementor-element-4d7042fd elementor-align-center elementor-icon-list--layout-traditional elementor-list-item-link-full_width elementor-widget elementor-widget-icon-list\" data-id=\"4d7042fd\" data-element_type=\"widget\" data-widget_type=\"icon-list.default\">\n\t\t\t\t<div class=\"elementor-widget-container\">\n\t\t\t<link rel=\"stylesheet\" href=\"https:\/\/www.chalupadanka.eu\/wp-content\/plugins\/elementor\/assets\/css\/widget-icon-list.min.css\">\t\t<ul class=\"elementor-icon-list-items\">\n\t\t\t\t\t\t\t<li class=\"elementor-icon-list-item\">\n\t\t\t\t\t\t\t\t\t\t\t<span class=\"elementor-icon-list-icon\">\n\t\t\t\t\t\t\t<i aria-hidden=\"true\" class=\"fas fa-phone-alt\"><\/i>\t\t\t\t\t\t<\/span>\n\t\t\t\t\t\t\t\t\t\t<span class=\"elementor-icon-list-text\">+421 917 762 666<\/span>\n\t\t\t\t\t\t\t\t\t<\/li>\n\t\t\t\t\t\t\t\t<li class=\"elementor-icon-list-item\">\n\t\t\t\t\t\t\t\t\t\t\t<span class=\"elementor-icon-list-icon\">\n\t\t\t\t\t\t\t<i aria-hidden=\"true\" class=\"fas fa-phone-alt\"><\/i>\t\t\t\t\t\t<\/span>\n\t\t\t\t\t\t\t\t\t\t<span class=\"elementor-icon-list-text\"> +421 908 041 281<\/span>\n\t\t\t\t\t\t\t\t\t<\/li>\n\t\t\t\t\t\t<\/ul>\n\t\t\t\t<\/div>\n\t\t\t\t<\/div>\n\t\t\t\t\t<\/div>\n\t\t<\/div>\n\t\t\t\t\t<\/div>\n\t\t<\/section>\n\t\t\t\t<\/div>\n\t\t","protected":false},"excerpt":{"rendered":"<p>Chalupa, dvor, z\u00e1hrada V\u0161etky potrebn\u00e9 inform\u00e1cie o ubytovan\u00ed na Chalupe Danka VYBAVENIE NA POZEMKU Ve\u013ek\u00e1 z\u00e1hrada s trvalkov\u00fdmi z\u00e1honmi a ovocn\u00fdmi stromami, tri samostatn\u00e9&nbsp; kryt\u00e9 sedenia, pieskovisko pre deti, gril s pom\u00f4ckami na grilovanie,ohnisko na opekanie,&nbsp; kotl\u00edk na gul\u00e1\u0161, lopty, petang, hra\u010dky pre deti do piesku, spolo\u010densk\u00e9 hry, kriedy na kreslenie, bedmintonov\u00e9 rakety,&nbsp; leh\u00e1tka na [&hellip;]<\/p>\n","protected":false},"author":1,"featured_media":0,"parent":0,"menu_order":0,"comment_status":"closed","ping_status":"closed","template":"","meta":{"_monsterinsights_skip_tracking":false,"_monsterinsights_sitenote_active":false,"_monsterinsights_sitenote_note":"","_monsterinsights_sitenote_category":0,"site-sidebar-layout":"no-sidebar","site-content-layout":"page-builder","ast-site-content-layout":"full-width-container","site-content-style":"unboxed","site-sidebar-style":"unboxed","ast-global-header-display":"","ast-banner-title-visibility":"","ast-main-header-display":"","ast-hfb-above-header-display":"","ast-hfb-below-header-display":"","ast-hfb-mobile-header-display":"","site-post-title":"disabled","ast-breadcrumbs-content":"","ast-featured-img":"disabled","footer-sml-layout":"","theme-transparent-header-meta":"","adv-header-id-meta":"","stick-header-meta":"","header-above-stick-meta":"","header-main-stick-meta":"","header-below-stick-meta":"","astra-migrate-meta-layouts":"set","ast-page-background-enabled":"default","ast-page-background-meta":{"desktop":{"background-color":"","background-image":"","background-repeat":"repeat","background-position":"center center","background-size":"auto","background-attachment":"scroll","background-type":"","background-media":"","overlay-type":"","overlay-color":"","overlay-gradient":""},"tablet":{"background-color":"","background-image":"","background-repeat":"repeat","background-position":"center center","background-size":"auto","background-attachment":"scroll","background-type":"","background-media":"","overlay-type":"","overlay-color":"","overlay-gradient":""},"mobile":{"background-color":"","background-image":"","background-repeat":"repeat","background-position":"center center","background-size":"auto","background-attachment":"scroll","background-type":"","background-media":"","overlay-type":"","overlay-color":"","overlay-gradient":""}},"ast-content-background-meta":{"desktop":{"background-color":"var(--ast-global-color-5)","background-image":"","background-repeat":"repeat","background-position":"center center","background-size":"auto","background-attachment":"scroll","background-type":"","background-media":"","overlay-type":"","overlay-color":"","overlay-gradient":""},"tablet":{"background-color":"var(--ast-global-color-5)","background-image":"","background-repeat":"repeat","background-position":"center center","background-size":"auto","background-attachment":"scroll","background-type":"","background-media":"","overlay-type":"","overlay-color":"","overlay-gradient":""},"mobile":{"background-color":"var(--ast-global-color-5)","background-image":"","background-repeat":"repeat","background-position":"center center","background-size":"auto","background-attachment":"scroll","background-type":"","background-media":"","overlay-type":"","overlay-color":"","overlay-gradient":""}},"footnotes":""},"yoast_head":"<!-- This site is optimized with the Yoast SEO plugin v22.5 - https:\/\/yoast.com\/wordpress\/plugins\/seo\/ -->\n<title>Chalupa, dvor, z\u00e1hrada - Chalupadanka<\/title>\n<meta name=\"robots\" content=\"index, follow, max-snippet:-1, max-image-preview:large, max-video-preview:-1\" \/>\n<link rel=\"canonical\" href=\"https:\/\/www.chalupadanka.eu\/?page_id=890\" \/>\n<meta property=\"og:locale\" content=\"sk_SK\" \/>\n<meta property=\"og:type\" content=\"article\" \/>\n<meta property=\"og:title\" content=\"Chalupa, dvor, z\u00e1hrada - Chalupadanka\" \/>\n<meta property=\"og:description\" content=\"Chalupa, dvor, z\u00e1hrada V\u0161etky potrebn\u00e9 inform\u00e1cie o ubytovan\u00ed na Chalupe Danka VYBAVENIE NA POZEMKU Ve\u013ek\u00e1 z\u00e1hrada s trvalkov\u00fdmi z\u00e1honmi a ovocn\u00fdmi stromami, tri samostatn\u00e9&nbsp; kryt\u00e9 sedenia, pieskovisko pre deti, gril s pom\u00f4ckami na grilovanie,ohnisko na opekanie,&nbsp; kotl\u00edk na gul\u00e1\u0161, lopty, petang, hra\u010dky pre deti do piesku, spolo\u010densk\u00e9 hry, kriedy na kreslenie, bedmintonov\u00e9 rakety,&nbsp; leh\u00e1tka na [&hellip;]\" \/>\n<meta property=\"og:url\" content=\"https:\/\/www.chalupadanka.eu\/?page_id=890\" \/>\n<meta property=\"og:site_name\" content=\"Chalupadanka\" \/>\n<meta property=\"article:modified_time\" content=\"2024-08-22T11:45:27+00:00\" \/>\n<meta property=\"og:image\" content=\"https:\/\/www.chalupadanka.eu\/wp-content\/uploads\/2022\/03\/sedenia-scaled.jpg\" \/>\n<meta name=\"twitter:card\" content=\"summary_large_image\" \/>\n<meta name=\"twitter:label1\" content=\"Predpokladan\u00fd \u010das \u010d\u00edtania\" \/>\n\t<meta name=\"twitter:data1\" content=\"1 min\u00fata\" \/>\n<script type=\"application\/ld+json\" class=\"yoast-schema-graph\">{\"@context\":\"https:\/\/schema.org\",\"@graph\":[{\"@type\":\"WebPage\",\"@id\":\"https:\/\/www.chalupadanka.eu\/?page_id=890\",\"url\":\"https:\/\/www.chalupadanka.eu\/?page_id=890\",\"name\":\"Chalupa, dvor, z\u00e1hrada - Chalupadanka\",\"isPartOf\":{\"@id\":\"https:\/\/www.chalupadanka.eu\/#website\"},\"primaryImageOfPage\":{\"@id\":\"https:\/\/www.chalupadanka.eu\/?page_id=890#primaryimage\"},\"image\":{\"@id\":\"https:\/\/www.chalupadanka.eu\/?page_id=890#primaryimage\"},\"thumbnailUrl\":\"https:\/\/www.chalupadanka.eu\/wp-content\/uploads\/2022\/03\/sedenia-scaled.jpg\",\"datePublished\":\"2022-03-02T13:24:12+00:00\",\"dateModified\":\"2024-08-22T11:45:27+00:00\",\"breadcrumb\":{\"@id\":\"https:\/\/www.chalupadanka.eu\/?page_id=890#breadcrumb\"},\"inLanguage\":\"sk-SK\",\"potentialAction\":[{\"@type\":\"ReadAction\",\"target\":[\"https:\/\/www.chalupadanka.eu\/?page_id=890\"]}]},{\"@type\":\"ImageObject\",\"inLanguage\":\"sk-SK\",\"@id\":\"https:\/\/www.chalupadanka.eu\/?page_id=890#primaryimage\",\"url\":\"https:\/\/www.chalupadanka.eu\/wp-content\/uploads\/2022\/03\/sedenia-scaled.jpg\",\"contentUrl\":\"https:\/\/www.chalupadanka.eu\/wp-content\/uploads\/2022\/03\/sedenia-scaled.jpg\",\"width\":2560,\"height\":1742},{\"@type\":\"BreadcrumbList\",\"@id\":\"https:\/\/www.chalupadanka.eu\/?page_id=890#breadcrumb\",\"itemListElement\":[{\"@type\":\"ListItem\",\"position\":1,\"name\":\"Home\",\"item\":\"https:\/\/www.chalupadanka.eu\/\"},{\"@type\":\"ListItem\",\"position\":2,\"name\":\"Chalupa, dvor, z\u00e1hrada\"}]},{\"@type\":\"WebSite\",\"@id\":\"https:\/\/www.chalupadanka.eu\/#website\",\"url\":\"https:\/\/www.chalupadanka.eu\/\",\"name\":\"Chalupadanka\",\"description\":\"Len \u010fal\u0161ia WordPress str\u00e1nka\",\"potentialAction\":[{\"@type\":\"SearchAction\",\"target\":{\"@type\":\"EntryPoint\",\"urlTemplate\":\"https:\/\/www.chalupadanka.eu\/?s={search_term_string}\"},\"query-input\":\"required name=search_term_string\"}],\"inLanguage\":\"sk-SK\"}]}<\/script>\n<!-- \/ Yoast SEO plugin. -->","yoast_head_json":{"title":"Chalupa, dvor, z\u00e1hrada - Chalupadanka","robots":{"index":"index","follow":"follow","max-snippet":"max-snippet:-1","max-image-preview":"max-image-preview:large","max-video-preview":"max-video-preview:-1"},"canonical":"https:\/\/www.chalupadanka.eu\/?page_id=890","og_locale":"sk_SK","og_type":"article","og_title":"Chalupa, dvor, z\u00e1hrada - Chalupadanka","og_description":"Chalupa, dvor, z\u00e1hrada V\u0161etky potrebn\u00e9 inform\u00e1cie o ubytovan\u00ed na Chalupe Danka VYBAVENIE NA POZEMKU Ve\u013ek\u00e1 z\u00e1hrada s trvalkov\u00fdmi z\u00e1honmi a ovocn\u00fdmi stromami, tri samostatn\u00e9&nbsp; kryt\u00e9 sedenia, pieskovisko pre deti, gril s pom\u00f4ckami na grilovanie,ohnisko na opekanie,&nbsp; kotl\u00edk na gul\u00e1\u0161, lopty, petang, hra\u010dky pre deti do piesku, spolo\u010densk\u00e9 hry, kriedy na kreslenie, bedmintonov\u00e9 rakety,&nbsp; leh\u00e1tka na [&hellip;]","og_url":"https:\/\/www.chalupadanka.eu\/?page_id=890","og_site_name":"Chalupadanka","article_modified_time":"2024-08-22T11:45:27+00:00","og_image":[{"url":"https:\/\/www.chalupadanka.eu\/wp-content\/uploads\/2022\/03\/sedenia-scaled.jpg"}],"twitter_card":"summary_large_image","twitter_misc":{"Predpokladan\u00fd \u010das \u010d\u00edtania":"1 min\u00fata"},"schema":{"@context":"https:\/\/schema.org","@graph":[{"@type":"WebPage","@id":"https:\/\/www.chalupadanka.eu\/?page_id=890","url":"https:\/\/www.chalupadanka.eu\/?page_id=890","name":"Chalupa, dvor, z\u00e1hrada - Chalupadanka","isPartOf":{"@id":"https:\/\/www.chalupadanka.eu\/#website"},"primaryImageOfPage":{"@id":"https:\/\/www.chalupadanka.eu\/?page_id=890#primaryimage"},"image":{"@id":"https:\/\/www.chalupadanka.eu\/?page_id=890#primaryimage"},"thumbnailUrl":"https:\/\/www.chalupadanka.eu\/wp-content\/uploads\/2022\/03\/sedenia-scaled.jpg","datePublished":"2022-03-02T13:24:12+00:00","dateModified":"2024-08-22T11:45:27+00:00","breadcrumb":{"@id":"https:\/\/www.chalupadanka.eu\/?page_id=890#breadcrumb"},"inLanguage":"sk-SK","potentialAction":[{"@type":"ReadAction","target":["https:\/\/www.chalupadanka.eu\/?page_id=890"]}]},{"@type":"ImageObject","inLanguage":"sk-SK","@id":"https:\/\/www.chalupadanka.eu\/?page_id=890#primaryimage","url":"https:\/\/www.chalupadanka.eu\/wp-content\/uploads\/2022\/03\/sedenia-scaled.jpg","contentUrl":"https:\/\/www.chalupadanka.eu\/wp-content\/uploads\/2022\/03\/sedenia-scaled.jpg","width":2560,"height":1742},{"@type":"BreadcrumbList","@id":"https:\/\/www.chalupadanka.eu\/?page_id=890#breadcrumb","itemListElement":[{"@type":"ListItem","position":1,"name":"Home","item":"https:\/\/www.chalupadanka.eu\/"},{"@type":"ListItem","position":2,"name":"Chalupa, dvor, z\u00e1hrada"}]},{"@type":"WebSite","@id":"https:\/\/www.chalupadanka.eu\/#website","url":"https:\/\/www.chalupadanka.eu\/","name":"Chalupadanka","description":"Len \u010fal\u0161ia WordPress str\u00e1nka","potentialAction":[{"@type":"SearchAction","target":{"@type":"EntryPoint","urlTemplate":"https:\/\/www.chalupadanka.eu\/?s={search_term_string}"},"query-input":"required name=search_term_string"}],"inLanguage":"sk-SK"}]}},"_links":{"self":[{"href":"https:\/\/www.chalupadanka.eu\/index.php?rest_route=\/wp\/v2\/pages\/890"}],"collection":[{"href":"https:\/\/www.chalupadanka.eu\/index.php?rest_route=\/wp\/v2\/pages"}],"about":[{"href":"https:\/\/www.chalupadanka.eu\/index.php?rest_route=\/wp\/v2\/types\/page"}],"author":[{"embeddable":true,"href":"https:\/\/www.chalupadanka.eu\/index.php?rest_route=\/wp\/v2\/users\/1"}],"replies":[{"embeddable":true,"href":"https:\/\/www.chalupadanka.eu\/index.php?rest_route=%2Fwp%2Fv2%2Fcomments&post=890"}],"version-history":[{"count":6,"href":"https:\/\/www.chalupadanka.eu\/index.php?rest_route=\/wp\/v2\/pages\/890\/revisions"}],"predecessor-version":[{"id":1136,"href":"https:\/\/www.chalupadanka.eu\/index.php?rest_route=\/wp\/v2\/pages\/890\/revisions\/1136"}],"wp:attachment":[{"href":"https:\/\/www.chalupadanka.eu\/index.php?rest_route=%2Fwp%2Fv2%2Fmedia&parent=890"}],"curies":[{"name":"wp","href":"https:\/\/api.w.org\/{rel}","templated":true}]}}